{"id":2679,"date":"2023-03-24T15:26:22","date_gmt":"2023-03-24T14:26:22","guid":{"rendered":"http:\/\/beauty-center.pl\/?page_id=2679"},"modified":"2023-03-24T15:26:22","modified_gmt":"2023-03-24T14:26:22","slug":"juvelook","status":"publish","type":"page","link":"https:\/\/beauty-center.pl\/index.php\/juvelook\/","title":{"rendered":"Juvelook"},"content":{"rendered":"<div  class=\"ui--tagline-box-wrapper ui--animation clearfix\"><div  id=\"tagline-1\" class=\"ui--tagline-box ui-row clearfix ui--tagline-box-custom-color radius-3px\" data-responsive=\"{&quot;css&quot;:{&quot;min-height&quot;:{&quot;phone&quot;:&quot;auto&quot;,&quot;tablet&quot;:&quot;auto&quot;,&quot;widescreen&quot;:&quot;&quot;}}}\"><div  class=\"ui--tagline-background-container ui--tagline-background-overlay radius-3px\"><\/div><div  class=\"ui--tagline-background-container ui--tagline-background-image radius-3px\"><\/div><div  class=\"ui--tagline-content\"><div class=\"ui-row row\">\n <div   class=\"ui-column span4\"><div id=\"nav_menu-10\" class=\"widget widget_nav_menu\"><h4 class=\"sidebar-widget-title ui--widget-title\"><span>KOSMETOLOGIA MEDYCZNA<\/span><\/h4><div class=\"menu-kosmetologia-medyczna-container\"><ul id=\"menu-kosmetologia-medyczna\" class=\"menu\"><li id=\"menu-item-1786\" class=\"menu-item menu-item-type-post_type menu-item-object-page menu-item-has-children depth-0 to-right\"><a href=\"https:\/\/beauty-center.pl\/index.php\/botox\/\">BOTOKS- likwidowanie zmarszczek<\/a>\n<ul class=\"sub-menu\">\n\t<li id=\"menu-item-2747\" class=\"menu-item menu-item-type-post_type menu-item-object-page depth-1 to-right\"><a href=\"https:\/\/beauty-center.pl\/index.php\/blokowanie-receptorow-glodu-botoxem\/\">Blokowanie receptor\u00f3w g\u0142odu botoxem<\/a><\/li>\n\t<li id=\"menu-item-2087\" class=\"menu-item menu-item-type-post_type menu-item-object-page depth-1 to-right\"><a href=\"https:\/\/beauty-center.pl\/index.php\/botox-leczenie-bruksizmu\/\">botoks-  bruksizm<\/a><\/li>\n\t<li id=\"menu-item-2092\" class=\"menu-item menu-item-type-post_type menu-item-object-page depth-1 to-right\"><a href=\"https:\/\/beauty-center.pl\/index.php\/botoks-leczenie-nadpotliwosci\/\">botoks- nadpotliwo\u015bci<\/a><\/li>\n\t<li id=\"menu-item-2946\" class=\"menu-item menu-item-type-post_type menu-item-object-page depth-1 to-right\"><a href=\"https:\/\/beauty-center.pl\/index.php\/botoks-full-face-2\/\">Botoks Full Face<\/a><\/li>\n<\/ul>\n<\/li>\n<li id=\"menu-item-2642\" class=\"menu-item menu-item-type-post_type menu-item-object-page depth-0 to-right\"><a href=\"https:\/\/beauty-center.pl\/index.php\/lip-flip-usta-botoks\/\">LIP FLIP \u2013 usta botoks<\/a><\/li>\n<li id=\"menu-item-2233\" class=\"menu-item menu-item-type-post_type menu-item-object-page depth-0 to-right\"><a href=\"https:\/\/beauty-center.pl\/index.php\/nici-liftingujace-haczykowe-4d\/\">NICI LIFTINGUJ\u0104CE HACZYKOWE 4D<\/a><\/li>\n<li id=\"menu-item-1728\" class=\"menu-item menu-item-type-post_type menu-item-object-page depth-0 to-right\"><a href=\"https:\/\/beauty-center.pl\/index.php\/nici-liftingujace-pdo\/\">NICI LIFTINGUJ\u0104CE PDO<\/a><\/li>\n<li id=\"menu-item-2637\" class=\"menu-item menu-item-type-post_type menu-item-object-page depth-0 to-right\"><a href=\"https:\/\/beauty-center.pl\/index.php\/nici-liftingujace-plla\/\">NICI LIFTINGUJ\u0104CE PLLA<\/a><\/li>\n<li id=\"menu-item-1729\" class=\"menu-item menu-item-type-post_type menu-item-object-page depth-0 to-right\"><a href=\"https:\/\/beauty-center.pl\/index.php\/powiekszanie-ust-i-wypelnianie-zmarszczeck\/\">POWI\u0118KSZANIE UST I WYPE\u0141NIANIE ZMARSZCZEK<\/a><\/li>\n<li id=\"menu-item-1733\" class=\"menu-item menu-item-type-post_type menu-item-object-page depth-0 to-right\"><a href=\"https:\/\/beauty-center.pl\/index.php\/wolumetria\/\">WOLUMETRIA<\/a><\/li>\n<li id=\"menu-item-1923\" class=\"menu-item menu-item-type-post_type menu-item-object-page depth-0 to-right\"><a href=\"https:\/\/beauty-center.pl\/index.php\/osocze-bogatoplytkowe-czyli-wampirzy-lifting\/\">OSOCZE BOGATOP\u0141YTKOWE, CZYLI WAMPIRZY LIFTING<\/a><\/li>\n<li id=\"menu-item-2564\" class=\"menu-item menu-item-type-post_type menu-item-object-page menu-item-has-children depth-0 to-right\"><a href=\"https:\/\/beauty-center.pl\/index.php\/stymulatory-tkankowe\/\">STYMULATORY TKANKOWE<\/a>\n<ul class=\"sub-menu\">\n\t<li id=\"menu-item-2774\" class=\"menu-item menu-item-type-post_type menu-item-object-page depth-1 to-right\"><a href=\"https:\/\/beauty-center.pl\/index.php\/kwas-polimlekowy\/\">kwas polimlekowy<\/a><\/li>\n\t<li id=\"menu-item-2782\" class=\"menu-item menu-item-type-post_type menu-item-object-page depth-1 to-right\"><a href=\"https:\/\/beauty-center.pl\/index.php\/tropokolagen\/\">tropokolagen<\/a><\/li>\n\t<li id=\"menu-item-2650\" class=\"menu-item menu-item-type-post_type menu-item-object-page depth-1 to-right\"><a href=\"https:\/\/beauty-center.pl\/index.php\/radisse\/\">radiesse<\/a><\/li>\n\t<li id=\"menu-item-2064\" class=\"menu-item menu-item-type-post_type menu-item-object-page depth-1 to-right\"><a href=\"https:\/\/beauty-center.pl\/index.php\/profhilo-molekula-mlodosci\/\">profhilo- moleku\u0142a m\u0142odo\u015bci<\/a><\/li>\n\t<li id=\"menu-item-2719\" class=\"menu-item menu-item-type-post_type menu-item-object-page depth-1 to-right\"><a href=\"https:\/\/beauty-center.pl\/index.php\/neauvia-stimulate\/\">Neauvia stimulate<\/a><\/li>\n\t<li id=\"menu-item-2662\" class=\"menu-item menu-item-type-post_type menu-item-object-page depth-1 to-right\"><a href=\"https:\/\/beauty-center.pl\/index.php\/neauvia-hydro-deluxe\/\">Neauvia Hydro Deluxe<\/a><\/li>\n\t<li id=\"menu-item-2676\" class=\"menu-item menu-item-type-post_type menu-item-object-page depth-1 to-right\"><a href=\"https:\/\/beauty-center.pl\/index.php\/neauvia\/\">neauvia Instense Flux<\/a><\/li>\n\t<li id=\"menu-item-2657\" class=\"menu-item menu-item-type-post_type menu-item-object-page depth-1 to-right\"><a href=\"https:\/\/beauty-center.pl\/index.php\/nithya\/\">nithya<\/a><\/li>\n\t<li id=\"menu-item-2274\" class=\"menu-item menu-item-type-post_type menu-item-object-page depth-1 to-right\"><a href=\"https:\/\/beauty-center.pl\/index.php\/nucleofill\/\">nucleofill<\/a><\/li>\n\t<li id=\"menu-item-2683\" class=\"menu-item menu-item-type-post_type menu-item-object-page depth-1 to-right\"><a href=\"https:\/\/beauty-center.pl\/index.php\/juvelook\/\">Juvelook<\/a><\/li>\n\t<li id=\"menu-item-2069\" class=\"menu-item menu-item-type-post_type menu-item-object-page depth-1 to-right\"><a href=\"https:\/\/beauty-center.pl\/index.php\/ellanse\/\">ellanse<\/a><\/li>\n\t<li id=\"menu-item-2080\" class=\"menu-item menu-item-type-post_type menu-item-object-page depth-1 to-right\"><a href=\"https:\/\/beauty-center.pl\/index.php\/sunekos-2\/\">sunekos<\/a><\/li>\n\t<li id=\"menu-item-2288\" class=\"menu-item menu-item-type-post_type menu-item-object-page depth-1 to-right\"><a href=\"https:\/\/beauty-center.pl\/index.php\/prostrolane\/\">prostolane<\/a><\/li>\n<\/ul>\n<\/li>\n<li id=\"menu-item-2293\" class=\"menu-item menu-item-type-post_type menu-item-object-page depth-0 to-right\"><a href=\"https:\/\/beauty-center.pl\/index.php\/laser-frakcyjny\/\">LASER FRAKCYJNY<\/a><\/li>\n<li id=\"menu-item-2797\" class=\"menu-item menu-item-type-post_type menu-item-object-page depth-0 to-right\"><a href=\"https:\/\/beauty-center.pl\/index.php\/laserowe-usuwanie-tatuazu\/\">LASEROWE USUWANIE TATUA\u017bU<\/a><\/li>\n<li id=\"menu-item-2356\" class=\"menu-item menu-item-type-post_type menu-item-object-page menu-item-has-children depth-0 to-right\"><a href=\"https:\/\/beauty-center.pl\/index.php\/mezoterapia-iglowa-2\/\">MEZOTERAPIA IG\u0141OWA<\/a>\n<ul class=\"sub-menu\">\n\t<li id=\"menu-item-2559\" class=\"menu-item menu-item-type-post_type menu-item-object-page depth-1 to-right\"><a href=\"https:\/\/beauty-center.pl\/index.php\/2556-2\/\">mezoterapia worki i cienie pod oczami<\/a><\/li>\n\t<li id=\"menu-item-2560\" class=\"menu-item menu-item-type-post_type menu-item-object-page depth-1 to-right\"><a href=\"https:\/\/beauty-center.pl\/index.php\/2553-2\/\">mezoterapia Koktajl witaminowy<\/a><\/li>\n\t<li id=\"menu-item-2379\" class=\"menu-item menu-item-type-post_type menu-item-object-page depth-1 to-right\"><a href=\"https:\/\/beauty-center.pl\/index.php\/mezoterapia-pod-oczy\/\">mezoterapia pod oczy<\/a><\/li>\n<\/ul>\n<\/li>\n<li id=\"menu-item-2539\" class=\"menu-item menu-item-type-post_type menu-item-object-page depth-0 to-right\"><a href=\"https:\/\/beauty-center.pl\/index.php\/kwasy-tca\/\">Peelingi chemiczne PRZEBARWIENIA<\/a><\/li>\n<li id=\"menu-item-2544\" class=\"menu-item menu-item-type-post_type menu-item-object-page depth-0 to-right\"><a href=\"https:\/\/beauty-center.pl\/index.php\/peelingi-chemiczne-tradzik\/\">Peelingi chemiczne TR\u0104DZIK<\/a><\/li>\n<\/ul><\/div><\/div><div class=\"auto-format ui--animation\"><\/div><\/div> \n\n <div   class=\"ui-column span8\"><div class=\"ui--title ui--animation ui--title-bordered text-center\"><div class=\"ui--title-holder\"><h3 class=\"ui--title-text\" style=\"color: #bd1e9d !important;\">Juvelook<\/h3><div style=\"border-color: #bd1e9d !important;\" class=\"ui--title-borders ui--title-border-left\"><\/div><div style=\"border-color: #bd1e9d !important;\" class=\"ui--title-borders ui--title-border-right\"><\/div><\/div><\/div><div class=\"ui--image-wrap clearfix text-center ui--block\" style=\"margin-bottom: 20px;\"><img loading=\"lazy\" decoding=\"async\" width=\"1483\" height=\"611\" src=\"https:\/\/beauty-center.pl\/wp-content\/uploads\/2023\/03\/juvelook.gif\" class=\"ui--image ui--animation\" alt=\"\" title=\"juvelook\" id=\"ui--image-1\" \/><\/div><div class=\"auto-format ui--animation\"><p>Czym jest Juvelook?<br \/>\nJuvelook to wype\u0142niacz hybrydowy, \u0142\u0105cz\u0105czy w sobie natychmiastowy efekt wype\u0142nienia,<br \/>\nwynikaj\u0105cy z u\u017cycia kwasu hialuronowego HA oraz d\u0142ugotrwa\u0142\u0105 stymulacj\u0119 produkcji kolagenu,<br \/>\na to wszystko dzi\u0119ki wykorzystaniu kwasu polimlekowego PDLLA (Poly D,L \u2013 lactide).<br \/>\nProdukt zosta\u0142 zaprojektowany jako wype\u0142niacz dzia\u0142aj\u0105cy w czasie o st\u0119\u017ceniu 42,5 mg kwasu polimlekowego PDLLA, oraz 7,5 mg nieusieciowanego kwasu hialuronowego.<br \/>\nJuvelook dzi\u0119ki opatentowanej technologii wytwarzania posiada wyj\u0105tkowe w\u0142a\u015bciwo\u015bci: d\u0142ugotrwa\u0142a skuteczno\u015b\u0107 i podwy\u017cszony profil bezpiecze\u0144stwa.<\/p>\n<p>Jak dzia\u0142a Juvelook?<br \/>\nNatychmiastowo po wstrzyknie\u0328ciu, Juvelook znajduje swoje miejsce w tkankach i wype\u0142nia je nieusieciowanym kwasem hialuronowym.<br \/>\nDzie\u0328ki swoim w\u0142as\u0301ciwos\u0301ciom, mikrocza\u0328steczki kwasu polimlekowego nadaja\u0328 spoistos\u0301ci hydroz\u0307elowi HA, zapobiegaja\u0328c jego przemieszczeniu sie\u0328.<br \/>\nPo dw\u00f3ch tygodniach od podania, w momencie gdy kwas hialuronowy zaczyna sie\u0328 hydrolizowac\u0301, mikrocza\u0328steczki PLA intensywnie wspieraja\u0328 produkcje\u0328 kolagenu<br \/>\ni doprowadzaja\u0328 do poprawy elastycznos\u0301ci, je\u0328drnos\u0301ci i grubos\u0301ci sk\u00f3ry.<br \/>\nOd tego punktu zwrotnego, rozpoczyna sie\u0328 przewaga w dzia\u0142aniu PLA powoduja\u0328c d\u0142ugotrwa\u0142a\u0328 produkcje\u0328 kolagenu i elastyny.<br \/>\nPo 6 miesia\u0328cach od podania moz\u0307na zauwaz\u0307yc\u0301 ostateczny i wyj\u0105tkowy wynik zastosowania Juvelook, produkt ulega wtedy stopniowej biodegradacji<br \/>\ni przywraca obje\u0328tos\u0301c\u0301 sk\u00f3rze od stabilizacji fizycznej do nowo syntezowanych w\u0142\u00f3kien kolagenowych, kt\u00f3re podtrzymuja\u0328 naturalny efekt w miare\u0328 up\u0142ywu czasu.<\/p>\n<p>Bez grudek i masowania &#8211; czy po zabiegu Juvelook powstaj\u0105 grudki po podaniu produktu?<br \/>\nJuvelook dzi\u0119ki opatentowanej technologii wytwarzania ma wyeliminowane ryzyko powstawania grudek podsk\u00f3rnych tworza\u0328cych sie\u0328 przy zastosowaniu tradycyjnego PLLA.<\/p>\n<p>Efekty terapii Juvelook &#8211; jakie efekty daje Juvelook?<br \/>\nJuvelook jest to jeden z najefektywniejszych w medycynie estetycznej stymulator\u00f3w do produkcji kolagenu czyli bia\u0142ka,<br \/>\nkt\u00f3re odpowiada za zdrowy i m\u0142odzie\u0144czy wygl\u0105d sk\u00f3ry, za jej nawil\u017cenie, popraw\u0119 j\u0119drno\u015bci i elastyczno\u015bci sk\u00f3ry!<br \/>\nEFEKT WOW!<br \/>\nDzie\u0328ki po\u0142a\u0328czeniu kwasu polimlekowego PDLLA z kwasem hialuronowym HA otrzymujemy natychmiastowy efekt, widoczny od razu po zabiegu.<br \/>\nWype\u0142nienie utrzymuje sie\u0328 do momentu, gdy dominowac\u0301 zaczyna proces produkcji nowego kolagenu przez kwas polimlekowy.<\/p>\n<p>Wskazania:<br \/>\nProdukt Juvelook przeznaczony jest do rewitalizacji duz\u0307ych powierzchni sk\u00f3ry.<br \/>\n. d\u0142ugotrwa\u0142e rozs\u0301wietlenie sk\u00f3ry<br \/>\n. uj\u0119drnienie sk\u00f3ry<br \/>\n. regeneracja okolicy oczu<br \/>\n. redukcja doliny \u0142ez<br \/>\n. rozja\u015bnienie cieni pod oczami<br \/>\n. redukcja zmarszczek mimicznych<br \/>\n. poprawa napi\u0119cia sk\u00f3ry<br \/>\n. od\u017cywianie i regeneracja sk\u00f3ry<br \/>\n. silna rewitalizacja<br \/>\n. nawil\u017cenie sk\u00f3ry<\/p>\n<p>Na jakie okolice stosuje si\u0119 Juvelook?<br \/>\nJuvelook mo\u017ce by\u0107 zastosowany na delikatn\u0105 okolic\u0119 oczu (dolina \u0142ez, dolne powieki),<br \/>\nczo\u0142o, pozosta\u0142y obszar twarzy w szczeg\u00f3lno\u015bci dolne pi\u0119tro, dekolt i szyj\u0119.<br \/>\nZabieg nadaje sie\u0328 szczeg\u00f3lnie dla os\u00f3b z duz\u0307a\u0328 ilos\u0301cia\u0328 drobnych zmarszczek, dla sk\u00f3r kt\u00f3re utraci\u0142y swoj\u0105 promienno\u015b\u0107, blask i napi\u0119cie,<br \/>\na tak\u017ce pojawiaj\u0105 si\u0119 pocza\u0328tkowe oznaki starzenia sie\u0328.<\/p>\n<p>Seria zabiegowa &#8211; jak cz\u0119sto podawa\u0107 produkt Juvelook?<br \/>\nPoprawna seria zabiegowa przy u\u017cyciu produktu Juvelook to od 2 do 3 zabieg\u00f3w wykonywanych w odst\u0119pach 6-8 tygodni.<br \/>\nEfekty utrzymuj\u0105 si\u0119 co najmniej 24 miesi\u0105ce od zako\u0144czenia serii zabiegowej.<br \/>\nRekomendacja producenta: po dw\u00f3ch latach zaleca si\u0119 wykonanie zabiegu przypominaj\u0105cego<\/p>\n<p>Co czyni preparat Juvelook wyja\u0328tkowym? Dlaczego Juvelook jest tak popularny?<br \/>\n\u2022 jedyny na s\u0301wiecie kwas polimlekowy do zastosowania w okolicy oka, mezoterapii twarzy, szyi i dekoltu<br \/>\n\u2022 Juvelook ma zdolnos\u0301c\u0301 do najsilniejszej stymulacji produkcji kolagenu oraz przywracania<br \/>\nm\u0142odzien\u0301czego wygla\u0328du w spos\u00f3b stopniowy i naturalny &#8211; brak sztucznego efektu!<br \/>\n\u2022 brak koniecznos\u0301ci masowania miejsc, w kt\u00f3rych produkt zosta\u0142 podany<\/p>\n<p>Sk\u0142ad &#8211; co wchodzi w sk\u0142ad produktu Juvelook?<br \/>\nKwas polimlekowy (PDLLA &#8211; Poly D, L Lactyd) 42,5 mg &#8211; wielko\u015b\u0107 cz\u0105steczek 10-40 mikrometr\u00f3w,<br \/>\nNieusieciowany kwas hialuronowy 7,5 mg &#8211; wielko\u015b\u0107 cz\u0105steczek 3000 kDa<br \/>\nCENA ZABIEGU: 990 z\u0142.<\/p>\n<\/div><\/div> \n\n<\/div> \n<\/div><\/div><\/div>","protected":false},"excerpt":{"rendered":"<p>KOSMETOLOGIA MEDYCZNABOTOKS- likwidowanie zmarszczek Blokowanie receptor\u00f3w g\u0142odu botoxem botoks- bruksizm botoks- nadpotliwo\u015bci Botoks Full Face LIP FLIP \u2013 usta botoks NICI LIFTINGUJ\u0104CE HACZYKOWE 4D NICI LIFTINGUJ\u0104CE PDO NICI LIFTINGUJ\u0104CE PLLA POWI\u0118KSZANIE UST I WYPE\u0141NIANIE ZMARSZCZEK WOLUMETRIA OSOCZE BOGATOP\u0141YTKOWE, CZYLI WAMPIRZY LIFTING STYMULATORY TKANKOWE kwas polimlekowy tropokolagen radiesse profhilo- moleku\u0142a m\u0142odo\u015bci Neauvia stimulate Neauvia Hydro Deluxe [&hellip;]<\/p>\n","protected":false},"author":2,"featured_media":0,"parent":0,"menu_order":0,"comment_status":"closed","ping_status":"closed","template":"","meta":{"footnotes":""},"class_list":["post-2679","page","type-page","status-publish","hentry"],"_links":{"self":[{"href":"https:\/\/beauty-center.pl\/index.php\/wp-json\/wp\/v2\/pages\/2679","targetHints":{"allow":["GET"]}}],"collection":[{"href":"https:\/\/beauty-center.pl\/index.php\/wp-json\/wp\/v2\/pages"}],"about":[{"href":"https:\/\/beauty-center.pl\/index.php\/wp-json\/wp\/v2\/types\/page"}],"author":[{"embeddable":true,"href":"https:\/\/beauty-center.pl\/index.php\/wp-json\/wp\/v2\/users\/2"}],"replies":[{"embeddable":true,"href":"https:\/\/beauty-center.pl\/index.php\/wp-json\/wp\/v2\/comments?post=2679"}],"version-history":[{"count":1,"href":"https:\/\/beauty-center.pl\/index.php\/wp-json\/wp\/v2\/pages\/2679\/revisions"}],"predecessor-version":[{"id":2682,"href":"https:\/\/beauty-center.pl\/index.php\/wp-json\/wp\/v2\/pages\/2679\/revisions\/2682"}],"wp:attachment":[{"href":"https:\/\/beauty-center.pl\/index.php\/wp-json\/wp\/v2\/media?parent=2679"}],"curies":[{"name":"wp","href":"https:\/\/api.w.org\/{rel}","templated":true}]}}