{"id":2770,"date":"2024-11-15T12:36:34","date_gmt":"2024-11-15T11:36:34","guid":{"rendered":"https:\/\/beauty-center.pl\/?page_id=2770"},"modified":"2024-11-15T12:36:34","modified_gmt":"2024-11-15T11:36:34","slug":"kwas-polimlekowy","status":"publish","type":"page","link":"https:\/\/beauty-center.pl\/index.php\/kwas-polimlekowy\/","title":{"rendered":"kwas polimlekowy"},"content":{"rendered":"<div  class=\"ui--tagline-box-wrapper ui--animation clearfix\"><div  id=\"tagline-1\" class=\"ui--tagline-box ui-row clearfix ui--tagline-box-custom-color radius-3px\" data-responsive=\"{&quot;css&quot;:{&quot;min-height&quot;:{&quot;phone&quot;:&quot;auto&quot;,&quot;tablet&quot;:&quot;auto&quot;,&quot;widescreen&quot;:&quot;&quot;}}}\"><div  class=\"ui--tagline-background-container ui--tagline-background-overlay radius-3px\"><\/div><div  class=\"ui--tagline-background-container ui--tagline-background-image radius-3px\"><\/div><div  class=\"ui--tagline-content\"><div class=\"ui-row row\">\n <div   class=\"ui-column span4\"><div id=\"nav_menu-10\" class=\"widget widget_nav_menu\"><h4 class=\"sidebar-widget-title ui--widget-title\"><span>KOSMETOLOGIA MEDYCZNA<\/span><\/h4><div class=\"menu-kosmetologia-medyczna-container\"><ul id=\"menu-kosmetologia-medyczna\" class=\"menu\"><li id=\"menu-item-1786\" class=\"menu-item menu-item-type-post_type menu-item-object-page menu-item-has-children depth-0 to-right\"><a href=\"https:\/\/beauty-center.pl\/index.php\/botox\/\">BOTOKS- likwidowanie zmarszczek<\/a>\n<ul class=\"sub-menu\">\n\t<li id=\"menu-item-2747\" class=\"menu-item menu-item-type-post_type menu-item-object-page depth-1 to-right\"><a href=\"https:\/\/beauty-center.pl\/index.php\/blokowanie-receptorow-glodu-botoxem\/\">Blokowanie receptor\u00f3w g\u0142odu botoxem<\/a><\/li>\n\t<li id=\"menu-item-2087\" class=\"menu-item menu-item-type-post_type menu-item-object-page depth-1 to-right\"><a href=\"https:\/\/beauty-center.pl\/index.php\/botox-leczenie-bruksizmu\/\">botoks-  bruksizm<\/a><\/li>\n\t<li id=\"menu-item-2092\" class=\"menu-item menu-item-type-post_type menu-item-object-page depth-1 to-right\"><a href=\"https:\/\/beauty-center.pl\/index.php\/botoks-leczenie-nadpotliwosci\/\">botoks- nadpotliwo\u015bci<\/a><\/li>\n\t<li id=\"menu-item-2946\" class=\"menu-item menu-item-type-post_type menu-item-object-page depth-1 to-right\"><a href=\"https:\/\/beauty-center.pl\/index.php\/botoks-full-face-2\/\">Botoks Full Face<\/a><\/li>\n<\/ul>\n<\/li>\n<li id=\"menu-item-2642\" class=\"menu-item menu-item-type-post_type menu-item-object-page depth-0 to-right\"><a href=\"https:\/\/beauty-center.pl\/index.php\/lip-flip-usta-botoks\/\">LIP FLIP \u2013 usta botoks<\/a><\/li>\n<li id=\"menu-item-2233\" class=\"menu-item menu-item-type-post_type menu-item-object-page depth-0 to-right\"><a href=\"https:\/\/beauty-center.pl\/index.php\/nici-liftingujace-haczykowe-4d\/\">NICI LIFTINGUJ\u0104CE HACZYKOWE 4D<\/a><\/li>\n<li id=\"menu-item-1728\" class=\"menu-item menu-item-type-post_type menu-item-object-page depth-0 to-right\"><a href=\"https:\/\/beauty-center.pl\/index.php\/nici-liftingujace-pdo\/\">NICI LIFTINGUJ\u0104CE PDO<\/a><\/li>\n<li id=\"menu-item-2637\" class=\"menu-item menu-item-type-post_type menu-item-object-page depth-0 to-right\"><a href=\"https:\/\/beauty-center.pl\/index.php\/nici-liftingujace-plla\/\">NICI LIFTINGUJ\u0104CE PLLA<\/a><\/li>\n<li id=\"menu-item-1729\" class=\"menu-item menu-item-type-post_type menu-item-object-page depth-0 to-right\"><a href=\"https:\/\/beauty-center.pl\/index.php\/powiekszanie-ust-i-wypelnianie-zmarszczeck\/\">POWI\u0118KSZANIE UST I WYPE\u0141NIANIE ZMARSZCZEK<\/a><\/li>\n<li id=\"menu-item-1733\" class=\"menu-item menu-item-type-post_type menu-item-object-page depth-0 to-right\"><a href=\"https:\/\/beauty-center.pl\/index.php\/wolumetria\/\">WOLUMETRIA<\/a><\/li>\n<li id=\"menu-item-1923\" class=\"menu-item menu-item-type-post_type menu-item-object-page depth-0 to-right\"><a href=\"https:\/\/beauty-center.pl\/index.php\/osocze-bogatoplytkowe-czyli-wampirzy-lifting\/\">OSOCZE BOGATOP\u0141YTKOWE, CZYLI WAMPIRZY LIFTING<\/a><\/li>\n<li id=\"menu-item-2564\" class=\"menu-item menu-item-type-post_type menu-item-object-page menu-item-has-children depth-0 to-right\"><a href=\"https:\/\/beauty-center.pl\/index.php\/stymulatory-tkankowe\/\">STYMULATORY TKANKOWE<\/a>\n<ul class=\"sub-menu\">\n\t<li id=\"menu-item-2774\" class=\"menu-item menu-item-type-post_type menu-item-object-page depth-1 to-right\"><a href=\"https:\/\/beauty-center.pl\/index.php\/kwas-polimlekowy\/\">kwas polimlekowy<\/a><\/li>\n\t<li id=\"menu-item-2782\" class=\"menu-item menu-item-type-post_type menu-item-object-page depth-1 to-right\"><a href=\"https:\/\/beauty-center.pl\/index.php\/tropokolagen\/\">tropokolagen<\/a><\/li>\n\t<li id=\"menu-item-2650\" class=\"menu-item menu-item-type-post_type menu-item-object-page depth-1 to-right\"><a href=\"https:\/\/beauty-center.pl\/index.php\/radisse\/\">radiesse<\/a><\/li>\n\t<li id=\"menu-item-2064\" class=\"menu-item menu-item-type-post_type menu-item-object-page depth-1 to-right\"><a href=\"https:\/\/beauty-center.pl\/index.php\/profhilo-molekula-mlodosci\/\">profhilo- moleku\u0142a m\u0142odo\u015bci<\/a><\/li>\n\t<li id=\"menu-item-2719\" class=\"menu-item menu-item-type-post_type menu-item-object-page depth-1 to-right\"><a href=\"https:\/\/beauty-center.pl\/index.php\/neauvia-stimulate\/\">Neauvia stimulate<\/a><\/li>\n\t<li id=\"menu-item-2662\" class=\"menu-item menu-item-type-post_type menu-item-object-page depth-1 to-right\"><a href=\"https:\/\/beauty-center.pl\/index.php\/neauvia-hydro-deluxe\/\">Neauvia Hydro Deluxe<\/a><\/li>\n\t<li id=\"menu-item-2676\" class=\"menu-item menu-item-type-post_type menu-item-object-page depth-1 to-right\"><a href=\"https:\/\/beauty-center.pl\/index.php\/neauvia\/\">neauvia Instense Flux<\/a><\/li>\n\t<li id=\"menu-item-2657\" class=\"menu-item menu-item-type-post_type menu-item-object-page depth-1 to-right\"><a href=\"https:\/\/beauty-center.pl\/index.php\/nithya\/\">nithya<\/a><\/li>\n\t<li id=\"menu-item-2274\" class=\"menu-item menu-item-type-post_type menu-item-object-page depth-1 to-right\"><a href=\"https:\/\/beauty-center.pl\/index.php\/nucleofill\/\">nucleofill<\/a><\/li>\n\t<li id=\"menu-item-2683\" class=\"menu-item menu-item-type-post_type menu-item-object-page depth-1 to-right\"><a href=\"https:\/\/beauty-center.pl\/index.php\/juvelook\/\">Juvelook<\/a><\/li>\n\t<li id=\"menu-item-2069\" class=\"menu-item menu-item-type-post_type menu-item-object-page depth-1 to-right\"><a href=\"https:\/\/beauty-center.pl\/index.php\/ellanse\/\">ellanse<\/a><\/li>\n\t<li id=\"menu-item-2080\" class=\"menu-item menu-item-type-post_type menu-item-object-page depth-1 to-right\"><a href=\"https:\/\/beauty-center.pl\/index.php\/sunekos-2\/\">sunekos<\/a><\/li>\n\t<li id=\"menu-item-2288\" class=\"menu-item menu-item-type-post_type menu-item-object-page depth-1 to-right\"><a href=\"https:\/\/beauty-center.pl\/index.php\/prostrolane\/\">prostolane<\/a><\/li>\n<\/ul>\n<\/li>\n<li id=\"menu-item-2293\" class=\"menu-item menu-item-type-post_type menu-item-object-page depth-0 to-right\"><a href=\"https:\/\/beauty-center.pl\/index.php\/laser-frakcyjny\/\">LASER FRAKCYJNY<\/a><\/li>\n<li id=\"menu-item-2797\" class=\"menu-item menu-item-type-post_type menu-item-object-page depth-0 to-right\"><a href=\"https:\/\/beauty-center.pl\/index.php\/laserowe-usuwanie-tatuazu\/\">LASEROWE USUWANIE TATUA\u017bU<\/a><\/li>\n<li id=\"menu-item-2356\" class=\"menu-item menu-item-type-post_type menu-item-object-page menu-item-has-children depth-0 to-right\"><a href=\"https:\/\/beauty-center.pl\/index.php\/mezoterapia-iglowa-2\/\">MEZOTERAPIA IG\u0141OWA<\/a>\n<ul class=\"sub-menu\">\n\t<li id=\"menu-item-2559\" class=\"menu-item menu-item-type-post_type menu-item-object-page depth-1 to-right\"><a href=\"https:\/\/beauty-center.pl\/index.php\/2556-2\/\">mezoterapia worki i cienie pod oczami<\/a><\/li>\n\t<li id=\"menu-item-2560\" class=\"menu-item menu-item-type-post_type menu-item-object-page depth-1 to-right\"><a href=\"https:\/\/beauty-center.pl\/index.php\/2553-2\/\">mezoterapia Koktajl witaminowy<\/a><\/li>\n\t<li id=\"menu-item-2379\" class=\"menu-item menu-item-type-post_type menu-item-object-page depth-1 to-right\"><a href=\"https:\/\/beauty-center.pl\/index.php\/mezoterapia-pod-oczy\/\">mezoterapia pod oczy<\/a><\/li>\n<\/ul>\n<\/li>\n<li id=\"menu-item-2539\" class=\"menu-item menu-item-type-post_type menu-item-object-page depth-0 to-right\"><a href=\"https:\/\/beauty-center.pl\/index.php\/kwasy-tca\/\">Peelingi chemiczne PRZEBARWIENIA<\/a><\/li>\n<li id=\"menu-item-2544\" class=\"menu-item menu-item-type-post_type menu-item-object-page depth-0 to-right\"><a href=\"https:\/\/beauty-center.pl\/index.php\/peelingi-chemiczne-tradzik\/\">Peelingi chemiczne TR\u0104DZIK<\/a><\/li>\n<\/ul><\/div><\/div><div class=\"auto-format ui--animation\"><\/div><\/div> \n\n <div   class=\"ui-column span8\"><div class=\"ui--title ui--animation ui--title-bordered text-center\"><div class=\"ui--title-holder\"><h3 class=\"ui--title-text\" style=\"color: #bd1e9d !important;\">kwas polimlekowy<\/h3><div style=\"border-color: #bd1e9d !important;\" class=\"ui--title-borders ui--title-border-left\"><\/div><div style=\"border-color: #bd1e9d !important;\" class=\"ui--title-borders ui--title-border-right\"><\/div><\/div><\/div><div class=\"ui--image-wrap clearfix text-center ui--block\" style=\"margin-bottom: 20px;\"><img loading=\"lazy\" decoding=\"async\" width=\"765\" height=\"445\" src=\"https:\/\/beauty-center.pl\/wp-content\/uploads\/2024\/11\/sculptra-www-1.jpg\" class=\"ui--image ui--animation\" alt=\"\" title=\"sculptra-www (1)\" id=\"ui--image-1\" srcset=\"https:\/\/beauty-center.pl\/wp-content\/uploads\/2024\/11\/sculptra-www-1.jpg 765w, https:\/\/beauty-center.pl\/wp-content\/uploads\/2024\/11\/sculptra-www-1-300x175.jpg 300w\" sizes=\"auto, (max-width: 765px) 100vw, 765px\" \/><\/div><div class=\"auto-format ui--animation\"><p>Kwas polimlekowy jest najmocniejszym spo\u015br\u00f3d biostymulator\u00f3w, preparat nowej generacji, kt\u00f3rego dzia\u0142anie polega na ca\u0142o\u015bciowej poprawie wygl\u0105du twarzy poprzez stymulacj\u0119 do odbudowy nowego, w\u0142asnego kolagenu.<\/p>\n<p>Utrata kolagenu na twarzy, stanowi kluczowy czynnik w rozwoju starzenia si\u0119. Kolagen pe\u0142ni funkcj\u0119 struktury podporowej sk\u00f3ry, zapewnia og\u00f3ln\u0105 obj\u0119to\u015b\u0107 i nadaje kszta\u0142t twarzy. Z wiekiem nast\u0119puje stopniowa utrata kolagenu, kt\u00f3ra prowadzi do zmniejszania elastyczno\u015bci i j\u0119drno\u015bci sk\u00f3ry. Twarz robi si\u0119 smutna, zm\u0119czona, starsza, szara sk\u00f3ra kt\u00f3rej struktura uleg\u0142a rozrzedzeniu bardzo \u0142atwo ulega grawitacji. Na twarzy pojawiaj\u0105 si\u0119 drobne linie i zmarszczki, a jednocze\u015bnie nast\u0119puje stopniowa utrata obj\u0119to\u015bci w okolicach skroni, policzk\u00f3w i \u017cuchwy. Przez to zaznaczaj\u0105 si\u0119 bruzdy nosowo-wargowe, linie marionetki, doliny \u0142ez, a policzki staj\u0105 si\u0119 obwis\u0142e tworz\u0105c tzw. chomiki. <\/p>\n<p>Efektem podania kwasu polimlekowego jest zwi\u0119kszenie zawarto\u015bci kolagenu w sk\u00f3rze, co prowadzi do uzupe\u0142nienia ubytk\u00f3w obj\u0119to\u015bci, a tym samym zmniejsza widoczne oznaki starzenia twarzy na skutek zag\u0119szczenia struktury sk\u00f3ry, poprawy napi\u0119cia i j\u0119drno\u015bci.<br \/>\nNa czym polega zabieg;<br \/>\nZabieg polega na podaniu w sk\u00f3r\u0119, za pomoc\u0105 ig\u0142y lub kaniuli, specjalnego preparatu \u2013 kwasu polimlekowego. To biostymulator, kt\u00f3ry zamiast wype\u0142nia\u0107 zmarszczki, BARDZO mocno stymuluje sk\u00f3r\u0119 do naturalnej produkcji kolagenu i elastyny.<br \/>\nPreparaty takie jak kwas polimlekowy daj\u0105 ogromnie du\u017co korzy\u015bci.<br \/>\nNale\u017c\u0105 do nich:<br \/>\nNaturalne efekty, bez sztucznego wype\u0142nienia zmarszczek<br \/>\nStymulacja sk\u00f3ry do samodzielnej produkcji kolagenu i elastyny<br \/>\nBrak dodawania obj\u0119to\u015bci, co czyni ten preparat uniwersalnym<br \/>\nRezultaty, kt\u00f3re utrzymuj\u0105 si\u0119 nawet 2x d\u0142u\u017cej ni\u017c przy kwasie hialurnowym<\/p>\n<p>Kwas polimlekowy efekty;<br \/>\nSk\u00f3ra, broni\u0105c si\u0119, zaczyna produkowa\u0107 kolagen i elastyn\u0119. To dwie substancje, na kt\u00f3rych bardzo nam zale\u017cy. W\u0142a\u015bnie elastyna i kolagen odpowiadaj\u0105 za regeneracj\u0119 i j\u0119drno\u015b\u0107 sk\u00f3ry. Te wszystkie zmarszczki, zwisy i wiotko\u015b\u0107 widzisz u siebie dlatego, \u017ce brakuje Ci w\u0142a\u015bnie takich sk\u0142adnik\u00f3w.<br \/>\nPreparat usuwa si\u0119 z Twojego organizmu w ci\u0105gu kilku tygodni. Nie jest wi\u0119c jak kwas hialuronowy, kt\u00f3ry potrafi utrzymywa\u0107 si\u0119 w sk\u00f3rze latami. To zmniejsza ryzyko powik\u0142a\u0144 w przysz\u0142o\u015bci.<br \/>\nEfekty zabiegu<br \/>\n\u2022\tWype\u0142nienie zmarszczek i bruzd<br \/>\n\u2022\tM\u0142odsza bardziej napi\u0119ta sk\u00f3ra, zmniejszenie oznak starzenia<br \/>\n\u2022\tRewitalizacja i lifting twarzy i szyi<\/p>\n<p>Jednak fakt, \u017ce np. 3 miesi\u0105ce po zabiegu nie b\u0119dzie go ju\u017c w Twojej sk\u00f3rze nie znaczy, \u017ce okres stymulacji si\u0119 sko\u0144czy\u0142. Wr\u0119cz przeciwnie! Potrwa on nawet 2,5 roku, co jak na medycyn\u0119 estetyczn\u0105 jest spektakularnym wynikiem.<br \/>\nKwas polimekowy (formalnie: kwas L-polimlekowy) nale\u017cy do grupy stymulator\u00f3w tkankowych. Jest najsilniejszym reprezentantem tej grupy. To substancja chemiczna \u2013 polimer \u2013 kt\u00f3ry istnieje naturalnie w organizmie,<\/p>\n<p>Wskazania<br \/>\n\u2022\tBruzdy nosowo- wargowe<br \/>\n\u2022\tModelowanie i konturowanie brody \u017cuchwy, policzk\u00f3w<br \/>\n\u2022\tLifting twarzy<br \/>\n\u2022\tRewitalizacja szyi i dekoltu<br \/>\n\u2022\tModelowanie po\u015bladk\u00f3w<br \/>\n\u2022\tRedukcja wiotkiej sk\u00f3ry ramion<br \/>\n\u2022\tZmniejszenie cellulitu i poprawa kondycji sk\u00f3ry na brzuchu, udach i po\u015bladkach<\/p>\n<p>Przeciwwskazania do zabiegu s\u0105 nast\u0119puj\u0105ce:<br \/>\nChoroby autoimmunologiczne<br \/>\nSk\u0142onno\u015b\u0107 do przerost\u00f3w i bliznowc\u00f3w<br \/>\nCi\u0105\u017ca i karmienie piersi\u0105<br \/>\nStany zapalne organizmu i infekcje<br \/>\nOpryszczka<br \/>\nOpis zabiegu<br \/>\nZabieg z wykorzystaniem kwasu polimlekowego trwa ok 60 minut. Rozpoczyna si\u0119 od ostrzykni\u0119cia punkt\u00f3w wej\u015bcia kaniuli substancj\u0105 znieczulaj\u0105c\u0105, co czyni zabieg niemal bezbolesnym. Po zabiegu przeprowadzony jest masa\u017c depozyt\u00f3w umo\u017cliwiaj\u0105cy prawid\u0142owe u\u0142o\u017cenie si\u0119 preparatu w tkankach.<\/p>\n<p>Cena:<br \/>\nsculptra; 750 PLN \/ jeden zabieg (twarz)<br \/>\nJuvelook-900 PLN \/ jeden zabieg (okolica oka lub szyja lub dekolt lub d\u0142onie)<br \/>\nW okolicy oka zabieg wykonywany jest kaniul\u0105 z jednego wk\u0142ucia, przez co ryzyko siniaka jest minimalne.<br \/>\nLenisna Twarz &#8211; od 1000 PLN \/ jeden zabieg<br \/>\nLenisna , Juvelook- zazwyczaj wykonuje si\u0119 2-3 zabiegi w odst\u0119pie 2-3 miesi\u0119cy. Nast\u0119pnie 1 zabieg podtrzymuj\u0105cy \u015brednio raz na rok.<\/p>\n<p>Rejestracja telefoniczna : tel. 512 069 547, 509 347 664<\/p>\n<\/div><\/div> \n\n<\/div> \n<\/div><\/div><\/div>","protected":false},"excerpt":{"rendered":"<p>KOSMETOLOGIA MEDYCZNABOTOKS- likwidowanie zmarszczek Blokowanie receptor\u00f3w g\u0142odu botoxem botoks- bruksizm botoks- nadpotliwo\u015bci Botoks Full Face LIP FLIP \u2013 usta botoks NICI LIFTINGUJ\u0104CE HACZYKOWE 4D NICI LIFTINGUJ\u0104CE PDO NICI LIFTINGUJ\u0104CE PLLA POWI\u0118KSZANIE UST I WYPE\u0141NIANIE ZMARSZCZEK WOLUMETRIA OSOCZE BOGATOP\u0141YTKOWE, CZYLI WAMPIRZY LIFTING STYMULATORY TKANKOWE kwas polimlekowy tropokolagen radiesse profhilo- moleku\u0142a m\u0142odo\u015bci Neauvia stimulate Neauvia Hydro Deluxe [&hellip;]<\/p>\n","protected":false},"author":2,"featured_media":0,"parent":0,"menu_order":0,"comment_status":"closed","ping_status":"closed","template":"","meta":{"footnotes":""},"class_list":["post-2770","page","type-page","status-publish","hentry"],"_links":{"self":[{"href":"https:\/\/beauty-center.pl\/index.php\/wp-json\/wp\/v2\/pages\/2770","targetHints":{"allow":["GET"]}}],"collection":[{"href":"https:\/\/beauty-center.pl\/index.php\/wp-json\/wp\/v2\/pages"}],"about":[{"href":"https:\/\/beauty-center.pl\/index.php\/wp-json\/wp\/v2\/types\/page"}],"author":[{"embeddable":true,"href":"https:\/\/beauty-center.pl\/index.php\/wp-json\/wp\/v2\/users\/2"}],"replies":[{"embeddable":true,"href":"https:\/\/beauty-center.pl\/index.php\/wp-json\/wp\/v2\/comments?post=2770"}],"version-history":[{"count":1,"href":"https:\/\/beauty-center.pl\/index.php\/wp-json\/wp\/v2\/pages\/2770\/revisions"}],"predecessor-version":[{"id":2772,"href":"https:\/\/beauty-center.pl\/index.php\/wp-json\/wp\/v2\/pages\/2770\/revisions\/2772"}],"wp:attachment":[{"href":"https:\/\/beauty-center.pl\/index.php\/wp-json\/wp\/v2\/media?parent=2770"}],"curies":[{"name":"wp","href":"https:\/\/api.w.org\/{rel}","templated":true}]}}