{"id":2792,"date":"2025-06-23T14:55:59","date_gmt":"2025-06-23T12:55:59","guid":{"rendered":"https:\/\/beauty-center.pl\/?page_id=2792"},"modified":"2025-06-23T18:40:44","modified_gmt":"2025-06-23T16:40:44","slug":"laserowe-usuwanie-tatuazu","status":"publish","type":"page","link":"https:\/\/beauty-center.pl\/index.php\/laserowe-usuwanie-tatuazu\/","title":{"rendered":"LASEROWE USUWANIE TATUA\u017bU"},"content":{"rendered":"<div  class=\"ui--tagline-box-wrapper ui--animation clearfix\"><div  id=\"tagline-1\" class=\"ui--tagline-box ui-row clearfix ui--tagline-box-custom-color radius-3px\" data-responsive=\"{&quot;css&quot;:{&quot;min-height&quot;:{&quot;phone&quot;:&quot;auto&quot;,&quot;tablet&quot;:&quot;auto&quot;,&quot;widescreen&quot;:&quot;&quot;}}}\"><div  class=\"ui--tagline-background-container ui--tagline-background-overlay radius-3px\"><\/div><div  class=\"ui--tagline-background-container ui--tagline-background-image radius-3px\"><\/div><div  class=\"ui--tagline-content\"><div class=\"ui-row row\">\n <div   class=\"ui-column span4\"><div id=\"nav_menu-10\" class=\"widget widget_nav_menu\"><h4 class=\"sidebar-widget-title ui--widget-title\"><span>KOSMETOLOGIA MEDYCZNA<\/span><\/h4><div class=\"menu-kosmetologia-medyczna-container\"><ul id=\"menu-kosmetologia-medyczna\" class=\"menu\"><li id=\"menu-item-1786\" class=\"menu-item menu-item-type-post_type menu-item-object-page menu-item-has-children depth-0 to-right\"><a href=\"https:\/\/beauty-center.pl\/index.php\/botox\/\">BOTOKS- likwidowanie zmarszczek<\/a>\n<ul class=\"sub-menu\">\n\t<li id=\"menu-item-2747\" class=\"menu-item menu-item-type-post_type menu-item-object-page depth-1 to-right\"><a href=\"https:\/\/beauty-center.pl\/index.php\/blokowanie-receptorow-glodu-botoxem\/\">Blokowanie receptor\u00f3w g\u0142odu botoxem<\/a><\/li>\n\t<li id=\"menu-item-2087\" class=\"menu-item menu-item-type-post_type menu-item-object-page depth-1 to-right\"><a href=\"https:\/\/beauty-center.pl\/index.php\/botox-leczenie-bruksizmu\/\">botoks-  bruksizm<\/a><\/li>\n\t<li id=\"menu-item-2092\" class=\"menu-item menu-item-type-post_type menu-item-object-page depth-1 to-right\"><a href=\"https:\/\/beauty-center.pl\/index.php\/botoks-leczenie-nadpotliwosci\/\">botoks- nadpotliwo\u015bci<\/a><\/li>\n\t<li id=\"menu-item-2946\" class=\"menu-item menu-item-type-post_type menu-item-object-page depth-1 to-right\"><a href=\"https:\/\/beauty-center.pl\/index.php\/botoks-full-face-2\/\">Botoks Full Face<\/a><\/li>\n<\/ul>\n<\/li>\n<li id=\"menu-item-2642\" class=\"menu-item menu-item-type-post_type menu-item-object-page depth-0 to-right\"><a href=\"https:\/\/beauty-center.pl\/index.php\/lip-flip-usta-botoks\/\">LIP FLIP \u2013 usta botoks<\/a><\/li>\n<li id=\"menu-item-2233\" class=\"menu-item menu-item-type-post_type menu-item-object-page depth-0 to-right\"><a href=\"https:\/\/beauty-center.pl\/index.php\/nici-liftingujace-haczykowe-4d\/\">NICI LIFTINGUJ\u0104CE HACZYKOWE 4D<\/a><\/li>\n<li id=\"menu-item-1728\" class=\"menu-item menu-item-type-post_type menu-item-object-page depth-0 to-right\"><a href=\"https:\/\/beauty-center.pl\/index.php\/nici-liftingujace-pdo\/\">NICI LIFTINGUJ\u0104CE PDO<\/a><\/li>\n<li id=\"menu-item-2637\" class=\"menu-item menu-item-type-post_type menu-item-object-page depth-0 to-right\"><a href=\"https:\/\/beauty-center.pl\/index.php\/nici-liftingujace-plla\/\">NICI LIFTINGUJ\u0104CE PLLA<\/a><\/li>\n<li id=\"menu-item-1729\" class=\"menu-item menu-item-type-post_type menu-item-object-page depth-0 to-right\"><a href=\"https:\/\/beauty-center.pl\/index.php\/powiekszanie-ust-i-wypelnianie-zmarszczeck\/\">POWI\u0118KSZANIE UST I WYPE\u0141NIANIE ZMARSZCZEK<\/a><\/li>\n<li id=\"menu-item-1733\" class=\"menu-item menu-item-type-post_type menu-item-object-page depth-0 to-right\"><a href=\"https:\/\/beauty-center.pl\/index.php\/wolumetria\/\">WOLUMETRIA<\/a><\/li>\n<li id=\"menu-item-1923\" class=\"menu-item menu-item-type-post_type menu-item-object-page depth-0 to-right\"><a href=\"https:\/\/beauty-center.pl\/index.php\/osocze-bogatoplytkowe-czyli-wampirzy-lifting\/\">OSOCZE BOGATOP\u0141YTKOWE, CZYLI WAMPIRZY LIFTING<\/a><\/li>\n<li id=\"menu-item-2564\" class=\"menu-item menu-item-type-post_type menu-item-object-page menu-item-has-children depth-0 to-right\"><a href=\"https:\/\/beauty-center.pl\/index.php\/stymulatory-tkankowe\/\">STYMULATORY TKANKOWE<\/a>\n<ul class=\"sub-menu\">\n\t<li id=\"menu-item-2774\" class=\"menu-item menu-item-type-post_type menu-item-object-page depth-1 to-right\"><a href=\"https:\/\/beauty-center.pl\/index.php\/kwas-polimlekowy\/\">kwas polimlekowy<\/a><\/li>\n\t<li id=\"menu-item-2782\" class=\"menu-item menu-item-type-post_type menu-item-object-page depth-1 to-right\"><a href=\"https:\/\/beauty-center.pl\/index.php\/tropokolagen\/\">tropokolagen<\/a><\/li>\n\t<li id=\"menu-item-2650\" class=\"menu-item menu-item-type-post_type menu-item-object-page depth-1 to-right\"><a href=\"https:\/\/beauty-center.pl\/index.php\/radisse\/\">radiesse<\/a><\/li>\n\t<li id=\"menu-item-2064\" class=\"menu-item menu-item-type-post_type menu-item-object-page depth-1 to-right\"><a href=\"https:\/\/beauty-center.pl\/index.php\/profhilo-molekula-mlodosci\/\">profhilo- moleku\u0142a m\u0142odo\u015bci<\/a><\/li>\n\t<li id=\"menu-item-2719\" class=\"menu-item menu-item-type-post_type menu-item-object-page depth-1 to-right\"><a href=\"https:\/\/beauty-center.pl\/index.php\/neauvia-stimulate\/\">Neauvia stimulate<\/a><\/li>\n\t<li id=\"menu-item-2662\" class=\"menu-item menu-item-type-post_type menu-item-object-page depth-1 to-right\"><a href=\"https:\/\/beauty-center.pl\/index.php\/neauvia-hydro-deluxe\/\">Neauvia Hydro Deluxe<\/a><\/li>\n\t<li id=\"menu-item-2676\" class=\"menu-item menu-item-type-post_type menu-item-object-page depth-1 to-right\"><a href=\"https:\/\/beauty-center.pl\/index.php\/neauvia\/\">neauvia Instense Flux<\/a><\/li>\n\t<li id=\"menu-item-2657\" class=\"menu-item menu-item-type-post_type menu-item-object-page depth-1 to-right\"><a href=\"https:\/\/beauty-center.pl\/index.php\/nithya\/\">nithya<\/a><\/li>\n\t<li id=\"menu-item-2274\" class=\"menu-item menu-item-type-post_type menu-item-object-page depth-1 to-right\"><a href=\"https:\/\/beauty-center.pl\/index.php\/nucleofill\/\">nucleofill<\/a><\/li>\n\t<li id=\"menu-item-2683\" class=\"menu-item menu-item-type-post_type menu-item-object-page depth-1 to-right\"><a href=\"https:\/\/beauty-center.pl\/index.php\/juvelook\/\">Juvelook<\/a><\/li>\n\t<li id=\"menu-item-2069\" class=\"menu-item menu-item-type-post_type menu-item-object-page depth-1 to-right\"><a href=\"https:\/\/beauty-center.pl\/index.php\/ellanse\/\">ellanse<\/a><\/li>\n\t<li id=\"menu-item-2080\" class=\"menu-item menu-item-type-post_type menu-item-object-page depth-1 to-right\"><a href=\"https:\/\/beauty-center.pl\/index.php\/sunekos-2\/\">sunekos<\/a><\/li>\n\t<li id=\"menu-item-2288\" class=\"menu-item menu-item-type-post_type menu-item-object-page depth-1 to-right\"><a href=\"https:\/\/beauty-center.pl\/index.php\/prostrolane\/\">prostolane<\/a><\/li>\n<\/ul>\n<\/li>\n<li id=\"menu-item-2293\" class=\"menu-item menu-item-type-post_type menu-item-object-page depth-0 to-right\"><a href=\"https:\/\/beauty-center.pl\/index.php\/laser-frakcyjny\/\">LASER FRAKCYJNY<\/a><\/li>\n<li id=\"menu-item-2797\" class=\"menu-item menu-item-type-post_type menu-item-object-page depth-0 to-right\"><a href=\"https:\/\/beauty-center.pl\/index.php\/laserowe-usuwanie-tatuazu\/\">LASEROWE USUWANIE TATUA\u017bU<\/a><\/li>\n<li id=\"menu-item-2356\" class=\"menu-item menu-item-type-post_type menu-item-object-page menu-item-has-children depth-0 to-right\"><a href=\"https:\/\/beauty-center.pl\/index.php\/mezoterapia-iglowa-2\/\">MEZOTERAPIA IG\u0141OWA<\/a>\n<ul class=\"sub-menu\">\n\t<li id=\"menu-item-2559\" class=\"menu-item menu-item-type-post_type menu-item-object-page depth-1 to-right\"><a href=\"https:\/\/beauty-center.pl\/index.php\/2556-2\/\">mezoterapia worki i cienie pod oczami<\/a><\/li>\n\t<li id=\"menu-item-2560\" class=\"menu-item menu-item-type-post_type menu-item-object-page depth-1 to-right\"><a href=\"https:\/\/beauty-center.pl\/index.php\/2553-2\/\">mezoterapia Koktajl witaminowy<\/a><\/li>\n\t<li id=\"menu-item-2379\" class=\"menu-item menu-item-type-post_type menu-item-object-page depth-1 to-right\"><a href=\"https:\/\/beauty-center.pl\/index.php\/mezoterapia-pod-oczy\/\">mezoterapia pod oczy<\/a><\/li>\n<\/ul>\n<\/li>\n<li id=\"menu-item-2539\" class=\"menu-item menu-item-type-post_type menu-item-object-page depth-0 to-right\"><a href=\"https:\/\/beauty-center.pl\/index.php\/kwasy-tca\/\">Peelingi chemiczne PRZEBARWIENIA<\/a><\/li>\n<li id=\"menu-item-2544\" class=\"menu-item menu-item-type-post_type menu-item-object-page depth-0 to-right\"><a href=\"https:\/\/beauty-center.pl\/index.php\/peelingi-chemiczne-tradzik\/\">Peelingi chemiczne TR\u0104DZIK<\/a><\/li>\n<\/ul><\/div><\/div><div class=\"auto-format ui--animation\"><\/div><\/div> \n\n <div   class=\"ui-column span8\"><div class=\"ui--title ui--animation ui--title-bordered text-center\"><div class=\"ui--title-holder\"><h3 class=\"ui--title-text\" style=\"color: #bd1e9d !important;\">LASEROWE USUWANIE TATUA\u017bU<\/h3><div style=\"border-color: #bd1e9d !important;\" class=\"ui--title-borders ui--title-border-left\"><\/div><div style=\"border-color: #bd1e9d !important;\" class=\"ui--title-borders ui--title-border-right\"><\/div><\/div><\/div><div class=\"ui--image-wrap clearfix text-center ui--block\" style=\"margin-bottom: 20px;\"><img loading=\"lazy\" decoding=\"async\" width=\"350\" height=\"144\" src=\"https:\/\/beauty-center.pl\/wp-content\/uploads\/2025\/06\/laser-1.jpeg\" class=\"ui--image ui--animation\" alt=\"\" title=\"laser\" id=\"ui--image-1\" srcset=\"https:\/\/beauty-center.pl\/wp-content\/uploads\/2025\/06\/laser-1.jpeg 350w, https:\/\/beauty-center.pl\/wp-content\/uploads\/2025\/06\/laser-1-300x123.jpeg 300w\" sizes=\"auto, (max-width: 350px) 100vw, 350px\" \/><\/div><div class=\"auto-format ui--animation\"><p> Laserowe usuwanie tatua\u017cu to obecnie najskuteczniejsza i najbezpieczniejsza metoda pozbycia si\u0119 niechcianego rysunku ze sk\u00f3ry. Technologia ta wykorzystuje skoncentrowan\u0105 energi\u0119 \u015bwiat\u0142a, aby rozbi\u0107 cz\u0105steczki tuszu na mniejsze fragmenty, kt\u00f3re nast\u0119pnie s\u0105 usuwane przez naturalne procesy metaboliczne organizmu.<\/p>\n<p>Jak to dzia\u0142a?<br \/>\nPodstaw\u0105 dzia\u0142ania lasera jest zjawisko selektywnej fototermolizy. Oznacza to, \u017ce \u015bwiat\u0142o lasera jest selektywnie absorbowane przez pigment tatua\u017cu, podczas gdy otaczaj\u0105ce tkanki pozostaj\u0105 nienaruszone. Impulsy lasera (najcz\u0119\u015bciej pikosekundowe  s\u0105 niezwykle kr\u00f3tkie i intensywne. Kiedy energia lasera trafia w pigment, powoduje jego rozgrzanie i rozbicie na drobne cz\u0105steczki. Te mikroskopijne fragmenty s\u0105 nast\u0119pnie usuwane przez uk\u0142ad odporno\u015bciowy organizmu.<\/p>\n<p>Lasery pikosekundowe: To nowocze\u015bniejsza generacja laser\u00f3w, emituj\u0105ca impulsy o d\u0142ugo\u015bci pikosekund (znacznie kr\u00f3tsze ni\u017c nanosekundy). Dzi\u0119ki temu rozbijaj\u0105 pigment na jeszcze mniejsze cz\u0105steczki, co przek\u0142ada si\u0119 na szybsze i cz\u0119sto skuteczniejsze usuwanie tatua\u017cu, przy mniejszej liczbie zabieg\u00f3w i minimalizacji ryzyka uszkodze\u0144 termicznych sk\u00f3ry. Lasery pikosekundowe s\u0105 szczeg\u00f3lnie efektywne w przypadku trudniejszych do usuni\u0119cia kolor\u00f3w, takich jak zielony czy niebieski.<br \/>\nIle zabieg\u00f3w potrzeba?<br \/>\nLiczba sesji potrzebnych do ca\u0142kowitego usuni\u0119cia tatua\u017cu jest indywidualna i zale\u017cy od wielu czynnik\u00f3w, takich jak:<\/p>\n<p>Wielko\u015b\u0107 i lokalizacja tatua\u017cu: Wi\u0119ksze tatua\u017ce wymagaj\u0105 wi\u0119cej sesji. Tatua\u017ce na obszarach o s\u0142abym kr\u0105\u017ceniu (np. kostki) mog\u0105 wymaga\u0107 wi\u0119cej czasu.<br \/>\nKolor tuszu: Czarny tusz jest naj\u0142atwiejszy do usuni\u0119cia. Kolory takie jak zielony, niebieski, \u017c\u00f3\u0142ty czy bia\u0142y mog\u0105 by\u0107 trudniejsze i wymaga\u0107 innych d\u0142ugo\u015bci fal lasera.<br \/>\nG\u0142\u0119boko\u015b\u0107 i g\u0119sto\u015b\u0107 pigmentu: Im g\u0142\u0119biej i g\u0119\u015bciej osadzony tusz, tym wi\u0119cej zabieg\u00f3w.<br \/>\nWiek tatua\u017cu: Starsze tatua\u017ce s\u0105 zazwyczaj \u0142atwiejsze do usuni\u0119cia, poniewa\u017c pigment m\u00f3g\u0142 ju\u017c cz\u0119\u015bciowo zbledn\u0105\u0107.<br \/>\nTyp tatua\u017cu: Tatua\u017ce profesjonalne, wykonane z wysokiej jako\u015bci tuszu, mog\u0105 by\u0107 trudniejsze do usuni\u0119cia ni\u017c amatorskie.<br \/>\nIndywidualne predyspozycje organizmu: Szybko\u015b\u0107 usuwania pigmentu zale\u017cy od indywidualnej reakcji uk\u0142adu odporno\u015bciowego.<br \/>\nZazwyczaj potrzebnych jest od kilku do kilkunastu sesji, w odst\u0119pach 6-8 tygodni.<\/p>\n<p>Przebieg zabiegu<br \/>\nKonsultacja: Przed rozpocz\u0119ciem zabieg\u00f3w zawsze odbywa si\u0119 konsultacja ze specjalist\u0105. Ocenia si\u0119 tatua\u017c, typ sk\u00f3ry pacjenta, omawia si\u0119 oczekiwania oraz ewentualne przeciwwskazania.<br \/>\nPrzygotowanie: Sk\u00f3ra w miejscu tatua\u017cu jest dok\u0142adnie oczyszczana. W przypadku wi\u0119kszych tatua\u017cy lub niskiej tolerancji na b\u00f3l, mo\u017cna zastosowa\u0107 krem znieczulaj\u0105cy-  w cenie zabiegu.<br \/>\nZabieg: Specjalista przesuwa g\u0142owic\u0119 lasera po tatua\u017cu, emituj\u0105c kr\u00f3tkie impulsy \u015bwiat\u0142a. Pacjent mo\u017ce odczuwa\u0107 kr\u00f3tkotrwa\u0142e uk\u0142ucia lub uczucie &#8222;strzelania gumk\u0105&#8221;.<br \/>\nPo zabiegu: Sk\u00f3ra mo\u017ce by\u0107 zaczerwieniona, obrz\u0119kni\u0119ta, mog\u0105 pojawi\u0107 si\u0119 drobne strupki lub p\u0119cherzyki. Jest to normalna reakcja. Konieczna jest odpowiednia piel\u0119gnacja sk\u00f3ry, cz\u0119sto zaleca si\u0119 stosowanie ma\u015bci lub krem\u00f3w regeneruj\u0105cych i ochron\u0119 przed s\u0142o\u0144cem.<br \/>\nSkuteczno\u015b\u0107 i bezpiecze\u0144stwo<br \/>\nLaserowe usuwanie tatua\u017cy jest uwa\u017cane za bardzo skuteczne. W wielu przypadkach mo\u017cliwe jest ca\u0142kowite usuni\u0119cie tatua\u017cu, nie pozostawiaj\u0105c blizn ani przebarwie\u0144. Ryzyko powik\u0142a\u0144 jest minimalne, zw\u0142aszcza przy stosowaniu nowoczesnych laser\u00f3w i wykonywaniu zabieg\u00f3w przez do\u015bwiadczonych specjalist\u00f3w.<\/p>\n<p>Przeciwwskazania<br \/>\nDo g\u0142\u00f3wnych przeciwwskaza\u0144 nale\u017c\u0105:<\/p>\n<p>Ci\u0105\u017ca i okres karmienia piersi\u0105<br \/>\n\u015awie\u017ca opalenizna (min. 4 tygodnie przed zabiegiem)<br \/>\nAktywne infekcje sk\u00f3rne w obszarze zabiegowym<br \/>\n\u015awie\u017cy tatua\u017c (min. 6 tygodni po wykonaniu)<br \/>\nChoroby nowotworowe<br \/>\nPrzyjmowanie lek\u00f3w i zi\u00f3\u0142 fotouczulaj\u0105cych (np. dziurawiec, retinoidy)<br \/>\nSk\u0142onno\u015b\u0107 do powstawania bliznowc\u00f3w (keloid\u00f3w)<br \/>\nChoroby autoimmunologiczne<br \/>\nCukrzyca (niekt\u00f3re przypadki)<br \/>\nZaburzenia krzepni\u0119cia krwi<br \/>\nKoszt<br \/>\nCena laserowego usuwania tatua\u017cu jest bardzo zr\u00f3\u017cnicowana i zale\u017cy od wielko\u015bci tatua\u017cu, ceny za jedn\u0105 sesj\u0119 wahaj\u0105 si\u0119 od 150 z\u0142<br \/>\nlaser Q-switch PICO HI Hironic (picosekundowy)<\/p>\n<p>Podana cena jest orientacyjna. Dotyczy jednego zabiegu<br \/>\nlaser Q-switch PICO (picosekundowy)<br \/>\ndo 1 cm x 2 cm \u2013 od 150 z\u0142<br \/>\ndo 5 cm x 5 cm \u2013 od 250 z\u0142<br \/>\ndo 10 cm x 10 cm \u2013 od 350 z\u0142<br \/>\ndo 15 cm x 15 cm \u2013 od 450 z\u0142<br \/>\nWi\u0119ksze ni\u017c 15\/15cm \u2013 cena ustalana indywidualnie<br \/>\nPodana cena jest orientacyjna. Dotyczy jednego zabiegu <\/p>\n<\/div><\/div> \n\n<\/div> \n<\/div><\/div><\/div>","protected":false},"excerpt":{"rendered":"<p>KOSMETOLOGIA MEDYCZNABOTOKS- likwidowanie zmarszczek Blokowanie receptor\u00f3w g\u0142odu botoxem botoks- bruksizm botoks- nadpotliwo\u015bci Botoks Full Face LIP FLIP \u2013 usta botoks NICI LIFTINGUJ\u0104CE HACZYKOWE 4D NICI LIFTINGUJ\u0104CE PDO NICI LIFTINGUJ\u0104CE PLLA POWI\u0118KSZANIE UST I WYPE\u0141NIANIE ZMARSZCZEK WOLUMETRIA OSOCZE BOGATOP\u0141YTKOWE, CZYLI WAMPIRZY LIFTING STYMULATORY TKANKOWE kwas polimlekowy tropokolagen radiesse profhilo- moleku\u0142a m\u0142odo\u015bci Neauvia stimulate Neauvia Hydro Deluxe [&hellip;]<\/p>\n","protected":false},"author":2,"featured_media":0,"parent":0,"menu_order":0,"comment_status":"closed","ping_status":"closed","template":"","meta":{"footnotes":""},"class_list":["post-2792","page","type-page","status-publish","hentry"],"_links":{"self":[{"href":"https:\/\/beauty-center.pl\/index.php\/wp-json\/wp\/v2\/pages\/2792","targetHints":{"allow":["GET"]}}],"collection":[{"href":"https:\/\/beauty-center.pl\/index.php\/wp-json\/wp\/v2\/pages"}],"about":[{"href":"https:\/\/beauty-center.pl\/index.php\/wp-json\/wp\/v2\/types\/page"}],"author":[{"embeddable":true,"href":"https:\/\/beauty-center.pl\/index.php\/wp-json\/wp\/v2\/users\/2"}],"replies":[{"embeddable":true,"href":"https:\/\/beauty-center.pl\/index.php\/wp-json\/wp\/v2\/comments?post=2792"}],"version-history":[{"count":2,"href":"https:\/\/beauty-center.pl\/index.php\/wp-json\/wp\/v2\/pages\/2792\/revisions"}],"predecessor-version":[{"id":2798,"href":"https:\/\/beauty-center.pl\/index.php\/wp-json\/wp\/v2\/pages\/2792\/revisions\/2798"}],"wp:attachment":[{"href":"https:\/\/beauty-center.pl\/index.php\/wp-json\/wp\/v2\/media?parent=2792"}],"curies":[{"name":"wp","href":"https:\/\/api.w.org\/{rel}","templated":true}]}}