{"id":2860,"date":"2026-02-13T00:56:31","date_gmt":"2026-02-12T23:56:31","guid":{"rendered":"https:\/\/beauty-center.pl\/?page_id=2860"},"modified":"2026-02-13T23:12:39","modified_gmt":"2026-02-13T22:12:39","slug":"przedluzanie-wlosow-metoda-ultradzwiekowa","status":"publish","type":"page","link":"https:\/\/beauty-center.pl\/index.php\/przedluzanie-wlosow-metoda-ultradzwiekowa\/","title":{"rendered":"PRZED\u0141U\u017bANIE W\u0141OS\u00d3W METOD\u0104 ULTRAD\u0179WI\u0118KOW\u0104"},"content":{"rendered":"<div  class=\"ui--tagline-box-wrapper ui--animation clearfix\"><div  id=\"tagline-1\" class=\"ui--tagline-box ui-row clearfix ui--tagline-box-custom-color radius-3px\" data-responsive=\"{&quot;css&quot;:{&quot;min-height&quot;:{&quot;phone&quot;:&quot;auto&quot;,&quot;tablet&quot;:&quot;auto&quot;,&quot;widescreen&quot;:&quot;&quot;}}}\"><div  class=\"ui--tagline-background-container ui--tagline-background-overlay radius-3px\"><\/div><div  class=\"ui--tagline-background-container ui--tagline-background-image radius-3px\"><\/div><div  class=\"ui--tagline-content\"><div class=\"ui-row row\">\n <div   class=\"ui-column span4\"><div id=\"nav_menu-6\" class=\"widget widget_nav_menu\"><h4 class=\"sidebar-widget-title ui--widget-title\"><span>FRYZJERSTWO<\/span><\/h4><div class=\"menu-uslugi-fryzjerskie-container\"><ul id=\"menu-uslugi-fryzjerskie\" class=\"menu\"><li id=\"menu-item-1662\" class=\"menu-item menu-item-type-post_type menu-item-object-page depth-0 to-right\"><a href=\"https:\/\/beauty-center.pl\/index.php\/ceenik-salon-fryzjerski\/\">CENNIK \u2013 SALON FRYZJERSKI<\/a><\/li>\n<li id=\"menu-item-1665\" class=\"menu-item menu-item-type-post_type menu-item-object-page depth-0 to-right\"><a href=\"https:\/\/beauty-center.pl\/index.php\/keratynowy-zabieg-odbudowujacy-wlosy\/\">KERATYNOWY ZABIEG ODBUDOWUJ\u0104CY W\u0141OSY<\/a><\/li>\n<li id=\"menu-item-2863\" class=\"menu-item menu-item-type-post_type menu-item-object-page depth-0 to-right\"><a href=\"https:\/\/beauty-center.pl\/index.php\/przedluzanie-wlosow-metoda-ultradzwiekowa\/\">PRZED\u0141U\u017bANIE W\u0141OS\u00d3W METOD\u0104 ULTRAD\u0179WI\u0118KOW\u0104<\/a><\/li>\n<li id=\"menu-item-2874\" class=\"menu-item menu-item-type-post_type menu-item-object-page depth-0 to-right\"><a href=\"https:\/\/beauty-center.pl\/index.php\/przedluzanie-wlosow-metoda-keratynowa\/\">PRZED\u0141U\u017bANIE W\u0141OS\u00d3W METOD\u0104 KERATYNOW\u0104<\/a><\/li>\n<li id=\"menu-item-1663\" class=\"menu-item menu-item-type-post_type menu-item-object-page depth-0 to-right\"><a href=\"https:\/\/beauty-center.pl\/index.php\/gorace-nozyczki\/\">GOR\u0104CE NO\u017bYCZKI<\/a><\/li>\n<li id=\"menu-item-1664\" class=\"menu-item menu-item-type-post_type menu-item-object-page depth-0 to-right\"><a href=\"https:\/\/beauty-center.pl\/index.php\/salon-fryzjerski\/\">SALON FRYZJERSKI<\/a><\/li>\n<li id=\"menu-item-1937\" class=\"menu-item menu-item-type-post_type menu-item-object-page depth-0 to-right\"><a href=\"https:\/\/beauty-center.pl\/index.php\/1933-2\/\">KERATYNOWE PROSTOWANIE W\u0141OS\u00d3W<\/a><\/li>\n<li id=\"menu-item-1964\" class=\"menu-item menu-item-type-post_type menu-item-object-page depth-0 to-right\"><a href=\"https:\/\/beauty-center.pl\/index.php\/swiatloterapia-sauna-magnetique-led-z-ozonem\/\">\u015aWIAT\u0141OTERAPIA SAUN\u0104 MAGNETIQUE LED Z OZONEM<\/a><\/li>\n<\/ul><\/div><\/div><div class=\"auto-format ui--animation\"><\/div><\/div> \n\n <div   class=\"ui-column span8\"><div class=\"ui--image-wrap clearfix text-center ui--block\"><img loading=\"lazy\" decoding=\"async\" width=\"1400\" height=\"900\" src=\"https:\/\/beauty-center.pl\/wp-content\/uploads\/2026\/02\/Aloe_Vera_1.jpeg\" class=\"ui--image ui--animation\" alt=\"\" title=\"Aloe_Vera_1\" id=\"ui--image-1\" srcset=\"https:\/\/beauty-center.pl\/wp-content\/uploads\/2026\/02\/Aloe_Vera_1.jpeg 1400w, https:\/\/beauty-center.pl\/wp-content\/uploads\/2026\/02\/Aloe_Vera_1-300x193.jpeg 300w, https:\/\/beauty-center.pl\/wp-content\/uploads\/2026\/02\/Aloe_Vera_1-1024x658.jpeg 1024w, https:\/\/beauty-center.pl\/wp-content\/uploads\/2026\/02\/Aloe_Vera_1-768x494.jpeg 768w\" sizes=\"auto, (max-width: 1400px) 100vw, 1400px\" \/><\/div><div class=\"ui--title ui--animation ui--title-bordered text-center\"><div class=\"ui--title-holder\"><h3 class=\"ui--title-text\" style=\"color: #bd1e9d !important;\">PRZED\u0141U\u017bANIE W\u0141OS\u00d3W METOD\u0104 ULTRAD\u0179WI\u0118KOW\u0104<\/h3><div style=\"border-color: #bd1e9d !important;\" class=\"ui--title-borders ui--title-border-left\"><\/div><div style=\"border-color: #bd1e9d !important;\" class=\"ui--title-borders ui--title-border-right\"><\/div><\/div><\/div><div class=\"auto-format ui--animation\"><p>Jak to dzia\u0142a?<br \/>\nZabieg przed\u0142u\u017cania w\u0142os\u00f3w na ultrad\u017awi\u0119ki wykonywany jest przy pomocy specjalnego urz\u0105dzenia, kt\u00f3re emituje energi\u0119 ultrad\u017awi\u0119kow\u0105. Dzia\u0142aj\u0105c precyzyjnie i punktowo \u0142\u0105czy \u0142usk\u0119 keratynow\u0105 z w\u0142osem naturalnym na zimno, przez co nie niszczy w\u0142os\u00f3w Klientki. To najbezpieczniejsza dla naszych w\u0142os\u00f3w metoda zag\u0119szczania i przed\u0142u\u017cania w\u0142os\u00f3w. W zale\u017cno\u015bci od indywidualnych potrzeb Klientki oraz szybko\u015bci wzrostu w\u0142os\u00f3w po 3 \u2013 6 miesi\u0105cach mo\u017cna zdj\u0105\u0107 w\u0142osy i za\u0142o\u017cy\u0107 nowe. Mo\u017cna r\u00f3wnie\u017c podci\u0105gn\u0105\u0107 istniej\u0105ce \u0142\u0105czenia i w ten spos\u00f3b dalej cieszy\u0107 si\u0119 pi\u0119kn\u0105 fryzur\u0105.<br \/>\nrodzaje w\u0142os\u00f3w i ich wp\u0142yw na cen\u0119:<br \/>\n\u2022\tW\u0142osy dziewicze: najwy\u017csza jako\u015b\u0107, indywidualna wycena, nigdy nie farbowane.<br \/>\n\u2022\tW\u0142osy s\u0142owia\u0144skie: wysoka jako\u015b\u0107, naturalny wygl\u0105d,<br \/>\n\u2022\tW\u0142osy syntetyczne: s\u0105 ta\u0144sze, mniej trwa\u0142e, trudniejsze w stylizacji.<\/p>\n<p>Najwa\u017cniejsze zalety przed\u0142u\u017cania metod\u0105 ultrad\u017awi\u0119kow\u0105<br \/>\n\u0142\u0105czenia na ultrad\u017awi\u0119ki s\u0105 p\u0142askie, dyskretne i nie rzucaj\u0105 si\u0119 w oczy<br \/>\nP\u0142askie \u0142\u0105czenie stanowi przewag\u0119 nad \u0142\u0105czeniem owalnym, tworzy bowiem naturalny wachlarz z doczepionych w\u0142os\u00f3w, kt\u00f3ry wtapia si\u0119 we fryzur\u0119.<\/p>\n<p>doczepiane pasma nie pl\u0105cz\u0105 si\u0119 i wygl\u0105daj\u0105 naturalnie<br \/>\npodczas zabiegu w\u0142osy nie s\u0105 poddawane wysokiej temperaturze przez co si\u0119 nie niszcz\u0105<br \/>\nTen innowacyjny spos\u00f3b sprawi, \u017ce uzyskasz d\u0142ugie w\u0142osy o jakich marzy\u0142a\u015b!<br \/>\nCzynniki wp\u0142ywaj\u0105ce na cen\u0119:<br \/>\nRodzaj w\u0142os\u00f3w: S\u0142owia\u0144skie\/dziewicze s\u0105 najdro\u017csze.<br \/>\nD\u0142ugo\u015b\u0107 pasm: Im d\u0142u\u017csze, tym wy\u017csza cena (np. 40 cm vs 60 cm).<br \/>\npropagujemy BEZPIECZNY DLA W\u0141OSOW ZABIEG ZAG\u0118SZCZANIA I PRZED\u0141U\u017bANIA Z UDZIA\u0141EM ZIMNEJ DYFUZJI \u2013 ULTRAD\u0179WI\u0118K\u00d3W.<\/p>\n<p>CENNIK ZAG\u0118SZCZANIA W\u0141OS\u00d3W<br \/>\nW\u0141OSY 60 CM \u2013 na specjalne zam\u00f3wienie, indywidualna wycena.<br \/>\n\ud83d\udd38 Pe\u0142ne przed\u0142u\u017canie (100\u2013150 g)- 2500 \u2013 3800 z\u0142  (w zale\u017cno\u015bci od rodzaju w\u0142os\u00f3w)<br \/>\n\ud83d\udd38 Zag\u0119szczenie (50\u201380 g)- 1100 \u2013 2200 z\u0142  (w zale\u017cno\u015bci od rodzaju w\u0142os\u00f3w)<\/p>\n<\/div><div class=\"auto-format ui--animation\"><\/div><\/div> \n\n<\/div> \n<\/div><\/div><\/div>","protected":false},"excerpt":{"rendered":"<p>FRYZJERSTWOCENNIK \u2013 SALON FRYZJERSKI KERATYNOWY ZABIEG ODBUDOWUJ\u0104CY W\u0141OSY PRZED\u0141U\u017bANIE W\u0141OS\u00d3W METOD\u0104 ULTRAD\u0179WI\u0118KOW\u0104 PRZED\u0141U\u017bANIE W\u0141OS\u00d3W METOD\u0104 KERATYNOW\u0104 GOR\u0104CE NO\u017bYCZKI SALON FRYZJERSKI KERATYNOWE PROSTOWANIE W\u0141OS\u00d3W \u015aWIAT\u0141OTERAPIA SAUN\u0104 MAGNETIQUE LED Z OZONEM PRZED\u0141U\u017bANIE W\u0141OS\u00d3W METOD\u0104 ULTRAD\u0179WI\u0118KOW\u0104Jak to dzia\u0142a? Zabieg przed\u0142u\u017cania w\u0142os\u00f3w na ultrad\u017awi\u0119ki wykonywany jest przy pomocy specjalnego urz\u0105dzenia, kt\u00f3re emituje energi\u0119 ultrad\u017awi\u0119kow\u0105. Dzia\u0142aj\u0105c precyzyjnie i punktowo \u0142\u0105czy [&hellip;]<\/p>\n","protected":false},"author":2,"featured_media":0,"parent":0,"menu_order":0,"comment_status":"closed","ping_status":"closed","template":"","meta":{"footnotes":""},"class_list":["post-2860","page","type-page","status-publish","hentry"],"_links":{"self":[{"href":"https:\/\/beauty-center.pl\/index.php\/wp-json\/wp\/v2\/pages\/2860","targetHints":{"allow":["GET"]}}],"collection":[{"href":"https:\/\/beauty-center.pl\/index.php\/wp-json\/wp\/v2\/pages"}],"about":[{"href":"https:\/\/beauty-center.pl\/index.php\/wp-json\/wp\/v2\/types\/page"}],"author":[{"embeddable":true,"href":"https:\/\/beauty-center.pl\/index.php\/wp-json\/wp\/v2\/users\/2"}],"replies":[{"embeddable":true,"href":"https:\/\/beauty-center.pl\/index.php\/wp-json\/wp\/v2\/comments?post=2860"}],"version-history":[{"count":7,"href":"https:\/\/beauty-center.pl\/index.php\/wp-json\/wp\/v2\/pages\/2860\/revisions"}],"predecessor-version":[{"id":2885,"href":"https:\/\/beauty-center.pl\/index.php\/wp-json\/wp\/v2\/pages\/2860\/revisions\/2885"}],"wp:attachment":[{"href":"https:\/\/beauty-center.pl\/index.php\/wp-json\/wp\/v2\/media?parent=2860"}],"curies":[{"name":"wp","href":"https:\/\/api.w.org\/{rel}","templated":true}]}}