{"id":2869,"date":"2026-02-13T20:07:05","date_gmt":"2026-02-13T19:07:05","guid":{"rendered":"https:\/\/beauty-center.pl\/?page_id=2869"},"modified":"2026-02-13T23:11:08","modified_gmt":"2026-02-13T22:11:08","slug":"przedluzanie-wlosow-metoda-keratynowa","status":"publish","type":"page","link":"https:\/\/beauty-center.pl\/index.php\/przedluzanie-wlosow-metoda-keratynowa\/","title":{"rendered":"PRZED\u0141U\u017bANIE W\u0141OS\u00d3W METOD\u0104 KERATYNOW\u0104"},"content":{"rendered":"<div  class=\"ui--tagline-box-wrapper ui--animation clearfix\"><div  id=\"tagline-1\" class=\"ui--tagline-box ui-row clearfix ui--tagline-box-custom-color radius-3px\" data-responsive=\"{&quot;css&quot;:{&quot;min-height&quot;:{&quot;phone&quot;:&quot;auto&quot;,&quot;tablet&quot;:&quot;auto&quot;,&quot;widescreen&quot;:&quot;&quot;}}}\"><div  class=\"ui--tagline-background-container ui--tagline-background-overlay radius-3px\"><\/div><div  class=\"ui--tagline-background-container ui--tagline-background-image radius-3px\"><\/div><div  class=\"ui--tagline-content\"><div class=\"ui-row row\">\n <div   class=\"ui-column span4\"><div id=\"nav_menu-6\" class=\"widget widget_nav_menu\"><h4 class=\"sidebar-widget-title ui--widget-title\"><span>FRYZJERSTWO<\/span><\/h4><div class=\"menu-uslugi-fryzjerskie-container\"><ul id=\"menu-uslugi-fryzjerskie\" class=\"menu\"><li id=\"menu-item-1662\" class=\"menu-item menu-item-type-post_type menu-item-object-page depth-0 to-right\"><a href=\"https:\/\/beauty-center.pl\/index.php\/ceenik-salon-fryzjerski\/\">CENNIK \u2013 SALON FRYZJERSKI<\/a><\/li>\n<li id=\"menu-item-1665\" class=\"menu-item menu-item-type-post_type menu-item-object-page depth-0 to-right\"><a href=\"https:\/\/beauty-center.pl\/index.php\/keratynowy-zabieg-odbudowujacy-wlosy\/\">KERATYNOWY ZABIEG ODBUDOWUJ\u0104CY W\u0141OSY<\/a><\/li>\n<li id=\"menu-item-2863\" class=\"menu-item menu-item-type-post_type menu-item-object-page depth-0 to-right\"><a href=\"https:\/\/beauty-center.pl\/index.php\/przedluzanie-wlosow-metoda-ultradzwiekowa\/\">PRZED\u0141U\u017bANIE W\u0141OS\u00d3W METOD\u0104 ULTRAD\u0179WI\u0118KOW\u0104<\/a><\/li>\n<li id=\"menu-item-2874\" class=\"menu-item menu-item-type-post_type menu-item-object-page depth-0 to-right\"><a href=\"https:\/\/beauty-center.pl\/index.php\/przedluzanie-wlosow-metoda-keratynowa\/\">PRZED\u0141U\u017bANIE W\u0141OS\u00d3W METOD\u0104 KERATYNOW\u0104<\/a><\/li>\n<li id=\"menu-item-1663\" class=\"menu-item menu-item-type-post_type menu-item-object-page depth-0 to-right\"><a href=\"https:\/\/beauty-center.pl\/index.php\/gorace-nozyczki\/\">GOR\u0104CE NO\u017bYCZKI<\/a><\/li>\n<li id=\"menu-item-1664\" class=\"menu-item menu-item-type-post_type menu-item-object-page depth-0 to-right\"><a href=\"https:\/\/beauty-center.pl\/index.php\/salon-fryzjerski\/\">SALON FRYZJERSKI<\/a><\/li>\n<li id=\"menu-item-1937\" class=\"menu-item menu-item-type-post_type menu-item-object-page depth-0 to-right\"><a href=\"https:\/\/beauty-center.pl\/index.php\/1933-2\/\">KERATYNOWE PROSTOWANIE W\u0141OS\u00d3W<\/a><\/li>\n<li id=\"menu-item-1964\" class=\"menu-item menu-item-type-post_type menu-item-object-page depth-0 to-right\"><a href=\"https:\/\/beauty-center.pl\/index.php\/swiatloterapia-sauna-magnetique-led-z-ozonem\/\">\u015aWIAT\u0141OTERAPIA SAUN\u0104 MAGNETIQUE LED Z OZONEM<\/a><\/li>\n<\/ul><\/div><\/div><div class=\"auto-format ui--animation\"><\/div><\/div> \n\n <div   class=\"ui-column span8\"><div class=\"ui--image-wrap clearfix text-center ui--block\"><img loading=\"lazy\" decoding=\"async\" width=\"1400\" height=\"900\" src=\"https:\/\/beauty-center.pl\/wp-content\/uploads\/2026\/02\/Aloe_Vera_1.jpeg\" class=\"ui--image ui--animation\" alt=\"\" title=\"Aloe_Vera_1\" id=\"ui--image-1\" srcset=\"https:\/\/beauty-center.pl\/wp-content\/uploads\/2026\/02\/Aloe_Vera_1.jpeg 1400w, https:\/\/beauty-center.pl\/wp-content\/uploads\/2026\/02\/Aloe_Vera_1-300x193.jpeg 300w, https:\/\/beauty-center.pl\/wp-content\/uploads\/2026\/02\/Aloe_Vera_1-1024x658.jpeg 1024w, https:\/\/beauty-center.pl\/wp-content\/uploads\/2026\/02\/Aloe_Vera_1-768x494.jpeg 768w\" sizes=\"auto, (max-width: 1400px) 100vw, 1400px\" \/><\/div><div class=\"ui--title ui--animation ui--title-bordered text-center\"><div class=\"ui--title-holder\"><h3 class=\"ui--title-text\" style=\"color: #bd1e9d !important;\">PRZED\u0141U\u017bANIE W\u0141OS\u00d3W METOD\u0104 KERATYNOW\u0104<\/h3><div style=\"border-color: #bd1e9d !important;\" class=\"ui--title-borders ui--title-border-left\"><\/div><div style=\"border-color: #bd1e9d !important;\" class=\"ui--title-borders ui--title-border-right\"><\/div><\/div><\/div><div class=\"auto-format ui--animation\"><p><strong>Je\u015bli marzysz o d\u0142ugich, lekkich, wytrzyma\u0142ych i \u0142atwo rozczesuj\u0105cych si\u0119 w\u0142osach \u2013 ta metoda jest stworzona w\u0142a\u015bnie dla Ciebie<\/strong><\/p>\n<p>\u0141\u0105czenie w\u0142os\u00f3w mini kapsu\u0142k\u0105 keratynow\u0105 jest cienkie, niemal niezauwa\u017calne i niewyczuwalne. Stosuj\u0119 kapsu\u0142ki \u017celowe (w\u0142oskie), kt\u00f3re s\u0105 twardsze od zwyk\u0142ej keratyny co powoduje, \u017ce w\u0142osy s\u0105 bardziej wytrzyma\u0142e oraz wygodniejsze i l\u017cejsze w noszeniu. Nawet je\u015bli Twoje w\u0142osy s\u0105 rzadkie, cienkie czy przet\u0142uszczaj\u0105ce si\u0119 \u2013 mikro \u0142\u0105czenie zda egzamin na pi\u0105tk\u0119. Co wi\u0119cej, wybieraj\u0105c moj\u0105 metod\u0119 unikniesz stresu i nieoczekiwanego odczepienia si\u0119 w\u0142os\u00f3w lub ich przerzedzenia.<br \/>\nPoznaj rodzaje w\u0142os\u00f3w i ich wp\u0142yw na cen\u0119:<br \/>\n\u2022\tW\u0142osy dziewicze: najwy\u017csza jako\u015b\u0107, indywidualna wycena, nigdy nie farbowane.<br \/>\n\u2022\tW\u0142osy s\u0142owia\u0144skie: wysoka jako\u015b\u0107, naturalny wygl\u0105d,<br \/>\n\u2022\tW\u0142osy syntetyczne: s\u0105 ta\u0144sze, mniej trwa\u0142e, trudniejsze w stylizacji.<\/p>\n<p>CENNIK ZAG\u0118SZCZANIA W\u0141OS\u00d3W<br \/>\nW\u0141OSY 60 CM \u2013 na specjalne zam\u00f3wienie, indywidualna wycena.<br \/>\n\ud83d\udd38 Pe\u0142ne przed\u0142u\u017canie (100\u2013150 g)- 2500 \u2013 3800 z\u0142  (w zale\u017cno\u015bci od rodzaju w\u0142os\u00f3w)<br \/>\n\ud83d\udd38 Zag\u0119szczenie (50\u201380 g)- 900 \u2013 2200 z\u0142  (w zale\u017cno\u015bci od rodzaju w\u0142os\u00f3w)<\/p>\n<\/div><div class=\"auto-format ui--animation\"><\/div><\/div> \n\n<\/div> \n<\/div><\/div><\/div>","protected":false},"excerpt":{"rendered":"<p>FRYZJERSTWOCENNIK \u2013 SALON FRYZJERSKI KERATYNOWY ZABIEG ODBUDOWUJ\u0104CY W\u0141OSY PRZED\u0141U\u017bANIE W\u0141OS\u00d3W METOD\u0104 ULTRAD\u0179WI\u0118KOW\u0104 PRZED\u0141U\u017bANIE W\u0141OS\u00d3W METOD\u0104 KERATYNOW\u0104 GOR\u0104CE NO\u017bYCZKI SALON FRYZJERSKI KERATYNOWE PROSTOWANIE W\u0141OS\u00d3W \u015aWIAT\u0141OTERAPIA SAUN\u0104 MAGNETIQUE LED Z OZONEM PRZED\u0141U\u017bANIE W\u0141OS\u00d3W METOD\u0104 KERATYNOW\u0104Je\u015bli marzysz o d\u0142ugich, lekkich, wytrzyma\u0142ych i \u0142atwo rozczesuj\u0105cych si\u0119 w\u0142osach \u2013 ta metoda jest stworzona w\u0142a\u015bnie dla Ciebie \u0141\u0105czenie w\u0142os\u00f3w mini kapsu\u0142k\u0105 [&hellip;]<\/p>\n","protected":false},"author":2,"featured_media":0,"parent":0,"menu_order":0,"comment_status":"closed","ping_status":"closed","template":"","meta":{"footnotes":""},"class_list":["post-2869","page","type-page","status-publish","hentry"],"_links":{"self":[{"href":"https:\/\/beauty-center.pl\/index.php\/wp-json\/wp\/v2\/pages\/2869","targetHints":{"allow":["GET"]}}],"collection":[{"href":"https:\/\/beauty-center.pl\/index.php\/wp-json\/wp\/v2\/pages"}],"about":[{"href":"https:\/\/beauty-center.pl\/index.php\/wp-json\/wp\/v2\/types\/page"}],"author":[{"embeddable":true,"href":"https:\/\/beauty-center.pl\/index.php\/wp-json\/wp\/v2\/users\/2"}],"replies":[{"embeddable":true,"href":"https:\/\/beauty-center.pl\/index.php\/wp-json\/wp\/v2\/comments?post=2869"}],"version-history":[{"count":5,"href":"https:\/\/beauty-center.pl\/index.php\/wp-json\/wp\/v2\/pages\/2869\/revisions"}],"predecessor-version":[{"id":2884,"href":"https:\/\/beauty-center.pl\/index.php\/wp-json\/wp\/v2\/pages\/2869\/revisions\/2884"}],"wp:attachment":[{"href":"https:\/\/beauty-center.pl\/index.php\/wp-json\/wp\/v2\/media?parent=2869"}],"curies":[{"name":"wp","href":"https:\/\/api.w.org\/{rel}","templated":true}]}}