{"id":2940,"date":"2026-02-14T01:04:08","date_gmt":"2026-02-14T00:04:08","guid":{"rendered":"https:\/\/beauty-center.pl\/?page_id=2940"},"modified":"2026-02-14T01:05:58","modified_gmt":"2026-02-14T00:05:58","slug":"botoks-full-face-2","status":"publish","type":"page","link":"https:\/\/beauty-center.pl\/index.php\/botoks-full-face-2\/","title":{"rendered":"Botoks Full Face"},"content":{"rendered":"<div  class=\"ui--tagline-box-wrapper ui--animation clearfix\"><div  id=\"tagline-1\" class=\"ui--tagline-box ui-row clearfix ui--tagline-box-custom-color radius-3px\" data-responsive=\"{&quot;css&quot;:{&quot;min-height&quot;:{&quot;phone&quot;:&quot;auto&quot;,&quot;tablet&quot;:&quot;auto&quot;,&quot;widescreen&quot;:&quot;&quot;}}}\"><div  class=\"ui--tagline-background-container ui--tagline-background-overlay radius-3px\"><\/div><div  class=\"ui--tagline-background-container ui--tagline-background-image radius-3px\"><\/div><div  class=\"ui--tagline-content\"><div class=\"ui-row row\">\n <div   class=\"ui-column span4\"><div id=\"nav_menu-10\" class=\"widget widget_nav_menu\"><h4 class=\"sidebar-widget-title ui--widget-title\"><span>KOSMETOLOGIA MEDYCZNA<\/span><\/h4><div class=\"menu-kosmetologia-medyczna-container\"><ul id=\"menu-kosmetologia-medyczna\" class=\"menu\"><li id=\"menu-item-1786\" class=\"menu-item menu-item-type-post_type menu-item-object-page menu-item-has-children depth-0 to-right\"><a href=\"https:\/\/beauty-center.pl\/index.php\/botox\/\">BOTOKS- likwidowanie zmarszczek<\/a>\n<ul class=\"sub-menu\">\n\t<li id=\"menu-item-2747\" class=\"menu-item menu-item-type-post_type menu-item-object-page depth-1 to-right\"><a href=\"https:\/\/beauty-center.pl\/index.php\/blokowanie-receptorow-glodu-botoxem\/\">Blokowanie receptor\u00f3w g\u0142odu botoxem<\/a><\/li>\n\t<li id=\"menu-item-2087\" class=\"menu-item menu-item-type-post_type menu-item-object-page depth-1 to-right\"><a href=\"https:\/\/beauty-center.pl\/index.php\/botox-leczenie-bruksizmu\/\">botoks-  bruksizm<\/a><\/li>\n\t<li id=\"menu-item-2092\" class=\"menu-item menu-item-type-post_type menu-item-object-page depth-1 to-right\"><a href=\"https:\/\/beauty-center.pl\/index.php\/botoks-leczenie-nadpotliwosci\/\">botoks- nadpotliwo\u015bci<\/a><\/li>\n\t<li id=\"menu-item-2946\" class=\"menu-item menu-item-type-post_type menu-item-object-page depth-1 to-right\"><a href=\"https:\/\/beauty-center.pl\/index.php\/botoks-full-face-2\/\">Botoks Full Face<\/a><\/li>\n<\/ul>\n<\/li>\n<li id=\"menu-item-2642\" class=\"menu-item menu-item-type-post_type menu-item-object-page depth-0 to-right\"><a href=\"https:\/\/beauty-center.pl\/index.php\/lip-flip-usta-botoks\/\">LIP FLIP \u2013 usta botoks<\/a><\/li>\n<li id=\"menu-item-2233\" class=\"menu-item menu-item-type-post_type menu-item-object-page depth-0 to-right\"><a href=\"https:\/\/beauty-center.pl\/index.php\/nici-liftingujace-haczykowe-4d\/\">NICI LIFTINGUJ\u0104CE HACZYKOWE 4D<\/a><\/li>\n<li id=\"menu-item-1728\" class=\"menu-item menu-item-type-post_type menu-item-object-page depth-0 to-right\"><a href=\"https:\/\/beauty-center.pl\/index.php\/nici-liftingujace-pdo\/\">NICI LIFTINGUJ\u0104CE PDO<\/a><\/li>\n<li id=\"menu-item-2637\" class=\"menu-item menu-item-type-post_type menu-item-object-page depth-0 to-right\"><a href=\"https:\/\/beauty-center.pl\/index.php\/nici-liftingujace-plla\/\">NICI LIFTINGUJ\u0104CE PLLA<\/a><\/li>\n<li id=\"menu-item-1729\" class=\"menu-item menu-item-type-post_type menu-item-object-page depth-0 to-right\"><a href=\"https:\/\/beauty-center.pl\/index.php\/powiekszanie-ust-i-wypelnianie-zmarszczeck\/\">POWI\u0118KSZANIE UST I WYPE\u0141NIANIE ZMARSZCZEK<\/a><\/li>\n<li id=\"menu-item-1733\" class=\"menu-item menu-item-type-post_type menu-item-object-page depth-0 to-right\"><a href=\"https:\/\/beauty-center.pl\/index.php\/wolumetria\/\">WOLUMETRIA<\/a><\/li>\n<li id=\"menu-item-1923\" class=\"menu-item menu-item-type-post_type menu-item-object-page depth-0 to-right\"><a href=\"https:\/\/beauty-center.pl\/index.php\/osocze-bogatoplytkowe-czyli-wampirzy-lifting\/\">OSOCZE BOGATOP\u0141YTKOWE, CZYLI WAMPIRZY LIFTING<\/a><\/li>\n<li id=\"menu-item-2564\" class=\"menu-item menu-item-type-post_type menu-item-object-page menu-item-has-children depth-0 to-right\"><a href=\"https:\/\/beauty-center.pl\/index.php\/stymulatory-tkankowe\/\">STYMULATORY TKANKOWE<\/a>\n<ul class=\"sub-menu\">\n\t<li id=\"menu-item-2774\" class=\"menu-item menu-item-type-post_type menu-item-object-page depth-1 to-right\"><a href=\"https:\/\/beauty-center.pl\/index.php\/kwas-polimlekowy\/\">kwas polimlekowy<\/a><\/li>\n\t<li id=\"menu-item-2782\" class=\"menu-item menu-item-type-post_type menu-item-object-page depth-1 to-right\"><a href=\"https:\/\/beauty-center.pl\/index.php\/tropokolagen\/\">tropokolagen<\/a><\/li>\n\t<li id=\"menu-item-2650\" class=\"menu-item menu-item-type-post_type menu-item-object-page depth-1 to-right\"><a href=\"https:\/\/beauty-center.pl\/index.php\/radisse\/\">radiesse<\/a><\/li>\n\t<li id=\"menu-item-2064\" class=\"menu-item menu-item-type-post_type menu-item-object-page depth-1 to-right\"><a href=\"https:\/\/beauty-center.pl\/index.php\/profhilo-molekula-mlodosci\/\">profhilo- moleku\u0142a m\u0142odo\u015bci<\/a><\/li>\n\t<li id=\"menu-item-2719\" class=\"menu-item menu-item-type-post_type menu-item-object-page depth-1 to-right\"><a href=\"https:\/\/beauty-center.pl\/index.php\/neauvia-stimulate\/\">Neauvia stimulate<\/a><\/li>\n\t<li id=\"menu-item-2662\" class=\"menu-item menu-item-type-post_type menu-item-object-page depth-1 to-right\"><a href=\"https:\/\/beauty-center.pl\/index.php\/neauvia-hydro-deluxe\/\">Neauvia Hydro Deluxe<\/a><\/li>\n\t<li id=\"menu-item-2676\" class=\"menu-item menu-item-type-post_type menu-item-object-page depth-1 to-right\"><a href=\"https:\/\/beauty-center.pl\/index.php\/neauvia\/\">neauvia Instense Flux<\/a><\/li>\n\t<li id=\"menu-item-2657\" class=\"menu-item menu-item-type-post_type menu-item-object-page depth-1 to-right\"><a href=\"https:\/\/beauty-center.pl\/index.php\/nithya\/\">nithya<\/a><\/li>\n\t<li id=\"menu-item-2274\" class=\"menu-item menu-item-type-post_type menu-item-object-page depth-1 to-right\"><a href=\"https:\/\/beauty-center.pl\/index.php\/nucleofill\/\">nucleofill<\/a><\/li>\n\t<li id=\"menu-item-2683\" class=\"menu-item menu-item-type-post_type menu-item-object-page depth-1 to-right\"><a href=\"https:\/\/beauty-center.pl\/index.php\/juvelook\/\">Juvelook<\/a><\/li>\n\t<li id=\"menu-item-2069\" class=\"menu-item menu-item-type-post_type menu-item-object-page depth-1 to-right\"><a href=\"https:\/\/beauty-center.pl\/index.php\/ellanse\/\">ellanse<\/a><\/li>\n\t<li id=\"menu-item-2080\" class=\"menu-item menu-item-type-post_type menu-item-object-page depth-1 to-right\"><a href=\"https:\/\/beauty-center.pl\/index.php\/sunekos-2\/\">sunekos<\/a><\/li>\n\t<li id=\"menu-item-2288\" class=\"menu-item menu-item-type-post_type menu-item-object-page depth-1 to-right\"><a href=\"https:\/\/beauty-center.pl\/index.php\/prostrolane\/\">prostolane<\/a><\/li>\n<\/ul>\n<\/li>\n<li id=\"menu-item-2293\" class=\"menu-item menu-item-type-post_type menu-item-object-page depth-0 to-right\"><a href=\"https:\/\/beauty-center.pl\/index.php\/laser-frakcyjny\/\">LASER FRAKCYJNY<\/a><\/li>\n<li id=\"menu-item-2797\" class=\"menu-item menu-item-type-post_type menu-item-object-page depth-0 to-right\"><a href=\"https:\/\/beauty-center.pl\/index.php\/laserowe-usuwanie-tatuazu\/\">LASEROWE USUWANIE TATUA\u017bU<\/a><\/li>\n<li id=\"menu-item-2356\" class=\"menu-item menu-item-type-post_type menu-item-object-page menu-item-has-children depth-0 to-right\"><a href=\"https:\/\/beauty-center.pl\/index.php\/mezoterapia-iglowa-2\/\">MEZOTERAPIA IG\u0141OWA<\/a>\n<ul class=\"sub-menu\">\n\t<li id=\"menu-item-2559\" class=\"menu-item menu-item-type-post_type menu-item-object-page depth-1 to-right\"><a href=\"https:\/\/beauty-center.pl\/index.php\/2556-2\/\">mezoterapia worki i cienie pod oczami<\/a><\/li>\n\t<li id=\"menu-item-2560\" class=\"menu-item menu-item-type-post_type menu-item-object-page depth-1 to-right\"><a href=\"https:\/\/beauty-center.pl\/index.php\/2553-2\/\">mezoterapia Koktajl witaminowy<\/a><\/li>\n\t<li id=\"menu-item-2379\" class=\"menu-item menu-item-type-post_type menu-item-object-page depth-1 to-right\"><a href=\"https:\/\/beauty-center.pl\/index.php\/mezoterapia-pod-oczy\/\">mezoterapia pod oczy<\/a><\/li>\n<\/ul>\n<\/li>\n<li id=\"menu-item-2539\" class=\"menu-item menu-item-type-post_type menu-item-object-page depth-0 to-right\"><a href=\"https:\/\/beauty-center.pl\/index.php\/kwasy-tca\/\">Peelingi chemiczne PRZEBARWIENIA<\/a><\/li>\n<li id=\"menu-item-2544\" class=\"menu-item menu-item-type-post_type menu-item-object-page depth-0 to-right\"><a href=\"https:\/\/beauty-center.pl\/index.php\/peelingi-chemiczne-tradzik\/\">Peelingi chemiczne TR\u0104DZIK<\/a><\/li>\n<\/ul><\/div><\/div><div class=\"auto-format ui--animation\"><\/div><\/div> \n\n <div   class=\"ui-column span8\"><div class=\"ui--title ui--animation ui--title-bordered text-center\"><div class=\"ui--title-holder\"><h3 class=\"ui--title-text\" style=\"color: #bd1e9d !important;\">Botoks Full Face<\/h3><div style=\"border-color: #bd1e9d !important;\" class=\"ui--title-borders ui--title-border-left\"><\/div><div style=\"border-color: #bd1e9d !important;\" class=\"ui--title-borders ui--title-border-right\"><\/div><\/div><\/div><div class=\"ui--image-wrap clearfix text-center ui--block\" style=\"margin-bottom: 20px;\"><img loading=\"lazy\" decoding=\"async\" width=\"1920\" height=\"694\" src=\"https:\/\/beauty-center.pl\/wp-content\/uploads\/2026\/02\/plastyka-image-01.webp\" class=\"ui--image ui--animation\" alt=\"\" title=\"plastyka-image-01\" id=\"ui--image-1\" srcset=\"https:\/\/beauty-center.pl\/wp-content\/uploads\/2026\/02\/plastyka-image-01.webp 1920w, https:\/\/beauty-center.pl\/wp-content\/uploads\/2026\/02\/plastyka-image-01-300x108.webp 300w, https:\/\/beauty-center.pl\/wp-content\/uploads\/2026\/02\/plastyka-image-01-1024x370.webp 1024w, https:\/\/beauty-center.pl\/wp-content\/uploads\/2026\/02\/plastyka-image-01-768x278.webp 768w, https:\/\/beauty-center.pl\/wp-content\/uploads\/2026\/02\/plastyka-image-01-1536x555.webp 1536w\" sizes=\"auto, (max-width: 1920px) 100vw, 1920px\" \/><\/div><div class=\"auto-format ui--animation\"><p> <strong>Botoks Full Face \u2013 kompleksowe odm\u0142odzenie twarzy, szyi i dekoltu<\/strong><\/p>\n<p>Metoda Botoks Lift Therapy Full Face to innowacyjny zabieg, kt\u00f3ry dzia\u0142a na ca\u0142\u0105 twarz, szyj\u0119 i dekolt, a nie tylko na jeden obszar. Podawanie toksyny botulinowej w strategicznych punktach pozwala os\u0142abi\u0107 mi\u0119\u015bnie obni\u017caj\u0105ce (depresory) i wspom\u00f3c mi\u0119\u015bnie d\u017awigaj\u0105ce (levatory), co daje efekt liftingu bez skalpela i optycznie przywraca utracon\u0105 obj\u0119to\u015b\u0107.<\/p>\n<p>Zabieg redukuje zmarszczki mimiczne, niweluje smutny wyraz twarzy, opadaj\u0105ce k\u0105ciki ust i spowalnia proces starzenia. Dzi\u0119ki holistycznemu podej\u015bciu mi\u0119\u015bnie twarzy, szyi i dekoltu pracuj\u0105 w r\u00f3wnowadze, co zapobiega niepo\u017c\u0105danym efektom ubocznym, takim jak opadaj\u0105ce powieki czy obwis\u0142e policzki.<\/p>\n<p>Korzy\u015bci z zabiegu:<\/p>\n<p>lifting bez skalpela<\/p>\n<p>odm\u0142odzenie ca\u0142ej twarzy, szyi i dekoltu<\/p>\n<p>naturalny, harmonijny efekt<\/p>\n<p>redukcja zmarszczek (kurze \u0142apki, lwia zmarszczka, zmarszczki kr\u00f3licze, poprzeczne czo\u0142a)<\/p>\n<p>optyczne przywr\u00f3cenie obj\u0119to\u015bci twarzy<\/p>\n<p>spowolnienie procesu starzenia<\/p>\n<p>d\u0142u\u017csze dzia\u0142anie botoksu dzi\u0119ki pracy nad ca\u0142\u0105 twarz\u0105<\/p>\n<p>Zabieg jest szybki, bezbolesny i nie wymaga rekonwalescencji. Pierwsze efekty pojawiaj\u0105 si\u0119 w kilka dni, a pe\u0142ny rezultat widoczny jest po 2\u20134 tygodniach. Metoda jest odpowiednia zar\u00f3wno dla m\u0142odszych os\u00f3b chc\u0105cych prewencyjnie spowolni\u0107 zmarszczki, jak i dla os\u00f3b starszych, kt\u00f3re chc\u0105 przywr\u00f3ci\u0107 obj\u0119to\u015b\u0107 twarzy i odm\u0142odzi\u0107 jej wygl\u0105d.<br \/>\nBotox Full Face to zaawansowany zabieg, kt\u00f3ry polega na precyzyjnym podaniu toksyny botulinowej na ca\u0142ej twarzy, w tym r\u00f3wnie\u017c w mi\u0119sie\u0144 platysma (mi\u0119sie\u0144 szeroki szyi). Dzi\u0119ki temu nie tylko wyg\u0142adzamy zmarszczki, ale tak\u017ce poprawiamy kontury twarzy, redukujemy napi\u0119cie mi\u0119\u015bniowe i nadajemy sk\u00f3rze m\u0142odzie\u0144czy wygl\u0105d.<br \/>\nCENNIK ZABIEG\u00d3W ;<br \/>\nBotox, 3 okolice, 750 z\u0142<br \/>\nBotox, Full Face, 1000 z\u0142<br \/>\nBotox, Full Face + szyja, 1200 z\u0142<br \/>\nmasz pytania ..zadzwo\u0144 tel. 509 347 664 \ud83d\ude42<\/p>\n<\/div><\/div> \n\n<\/div> \n<\/div><\/div><\/div>","protected":false},"excerpt":{"rendered":"<p>KOSMETOLOGIA MEDYCZNABOTOKS- likwidowanie zmarszczek Blokowanie receptor\u00f3w g\u0142odu botoxem botoks- bruksizm botoks- nadpotliwo\u015bci Botoks Full Face LIP FLIP \u2013 usta botoks NICI LIFTINGUJ\u0104CE HACZYKOWE 4D NICI LIFTINGUJ\u0104CE PDO NICI LIFTINGUJ\u0104CE PLLA POWI\u0118KSZANIE UST I WYPE\u0141NIANIE ZMARSZCZEK WOLUMETRIA OSOCZE BOGATOP\u0141YTKOWE, CZYLI WAMPIRZY LIFTING STYMULATORY TKANKOWE kwas polimlekowy tropokolagen radiesse profhilo- moleku\u0142a m\u0142odo\u015bci Neauvia stimulate Neauvia Hydro Deluxe [&hellip;]<\/p>\n","protected":false},"author":2,"featured_media":0,"parent":0,"menu_order":0,"comment_status":"closed","ping_status":"closed","template":"","meta":{"footnotes":""},"class_list":["post-2940","page","type-page","status-publish","hentry"],"_links":{"self":[{"href":"https:\/\/beauty-center.pl\/index.php\/wp-json\/wp\/v2\/pages\/2940","targetHints":{"allow":["GET"]}}],"collection":[{"href":"https:\/\/beauty-center.pl\/index.php\/wp-json\/wp\/v2\/pages"}],"about":[{"href":"https:\/\/beauty-center.pl\/index.php\/wp-json\/wp\/v2\/types\/page"}],"author":[{"embeddable":true,"href":"https:\/\/beauty-center.pl\/index.php\/wp-json\/wp\/v2\/users\/2"}],"replies":[{"embeddable":true,"href":"https:\/\/beauty-center.pl\/index.php\/wp-json\/wp\/v2\/comments?post=2940"}],"version-history":[{"count":4,"href":"https:\/\/beauty-center.pl\/index.php\/wp-json\/wp\/v2\/pages\/2940\/revisions"}],"predecessor-version":[{"id":2944,"href":"https:\/\/beauty-center.pl\/index.php\/wp-json\/wp\/v2\/pages\/2940\/revisions\/2944"}],"wp:attachment":[{"href":"https:\/\/beauty-center.pl\/index.php\/wp-json\/wp\/v2\/media?parent=2940"}],"curies":[{"name":"wp","href":"https:\/\/api.w.org\/{rel}","templated":true}]}}