{"id":676,"date":"2013-09-03T13:27:02","date_gmt":"2013-09-03T13:27:02","guid":{"rendered":"http:\/\/envision.wptation.com\/?page_id=676"},"modified":"2013-09-03T13:27:02","modified_gmt":"2013-09-03T13:27:02","slug":"homepage-with-blog-posts","status":"publish","type":"page","link":"https:\/\/beauty-center.pl\/index.php\/homepage-with-blog-posts\/","title":{"rendered":"Homepage with Blog Posts"},"content":{"rendered":"<div id=\"blog-1\" class=\"ui--blog ui--blog-wrapper ui--pass\" data-layout=\"standard\" data-columns=\"1\"><div class=\"post-2298 post type-post status-publish format-standard hentry ui--blog-item clearfix layout--medium\"><div class=\"ui--blog-side ui--blog-icon ui--box ui--gradient-grey\"><div class=\"\"><i class=\"fontawesome-asterisk\"><\/i><\/div><\/div><div class=\"ui--blog-content-wrapper\"><div class=\"ui--blog-header\"><h5 class=\"ui--blog-title entry-title clearfix\"><a class=\"ui--blog-link\" href=\"https:\/\/beauty-center.pl\/index.php\/2020\/09\/18\/rzesy-11\/\">RZ\u0118SY 1:1<\/a><\/h5><div class=\"ui--blog-metas clearfix\"><div class=\"ui--blog-metas-right pull-right\"><span class=\"ui--meta-comment\"><a href=\"https:\/\/beauty-center.pl\/index.php\/2020\/09\/18\/rzesy-11\/#respond\"><i class=\"fontawesome-comment px14\"><\/i> 0<\/a><\/span> <span class=\"ui--blog-separator\">&nbsp;<\/span> <span class=\"ui--meta-like\"><a href=\"#\" class=\"ui--likes\" title=\"Like this\" data-post-id=\"2298\" data-options=\"{&quot;zero&quot;:&quot;&lt;i class=\\&quot;fontawesome-heart px14\\&quot;&gt;&lt;\\\/i&gt; %d&quot;,&quot;one&quot;:&quot;&lt;i class=\\&quot;fontawesome-heart px14\\&quot;&gt;&lt;\\\/i&gt; %d&quot;,&quot;more&quot;:&quot;&lt;i class=\\&quot;fontawesome-heart px14\\&quot;&gt;&lt;\\\/i&gt; %d&quot;}\"><span class=\"ui--likes-count\"><i class=\"fontawesome-heart px14\"><\/i> 1<\/span><\/a><\/span><\/div><div class=\"ui--blog-metas-left\"><span class=\"datetime\"><time class=\"entry-date date updated\" datetime=\"2020-09-18T13:43:33+02:00\" itemprop=\"datePublished\" pubdate>18 wrze\u015bnia 2020<\/time><\/span> <span class=\"ui--blog-separator\">\/<\/span> <span class=\"ui--meta-categories\">Bez kategorii<\/span><\/div><\/div><\/div><div class=\"ui--blog-content\">Drogie Klientki\r\n\r\nOd dzi\u015b mo\u017cecie zapisywa\u0107 si\u0119 na rz\u0119sy metod\u0105 1:1 \u00a0do naszej sta\u017cystki, u kt\u00f3rej obowi\u0105zuj\u0105 promocje. Sta\u017cystka jest po szkoleniu, bardzo dok\u0142adna. Niskie ceny us\u0142ug ze wzgl\u0119du na wyd\u0142u\u017cony czas pracy.\r\n\r\nCENA 35 Z\u0141.\r\n\r\nZainteresowane osoby zapraszamy do zapis\u00f3w telefonicznych 91 813 74 76 jak i poprzez Messenger z zaznaczeniem \u017ce ... <span class=\"more-link\"><a class=\"btn btn-small btn-grey\" href=\"https:\/\/beauty-center.pl\/index.php\/2020\/09\/18\/rzesy-11\/\" title=\"\">Czytaj wi\u0119cej<\/a><\/span>\n<\/div><\/div><div style=\"display:none;\"><span class=\"date updated published\">18 wrze\u015bnia 2020<\/span><span class=\"vcard author\"><a href=\"https:\/\/beauty-center.pl\/index.php\/author\/rkowalska\/\" class=\"fn\">rkowalska<\/a><\/span><\/div><\/div><div class=\"post-2295 post type-post status-publish format-standard hentry ui--blog-item clearfix layout--medium\"><div class=\"ui--blog-side ui--blog-icon ui--box ui--gradient-grey\"><div class=\"\"><i class=\"fontawesome-asterisk\"><\/i><\/div><\/div><div class=\"ui--blog-content-wrapper\"><div class=\"ui--blog-header\"><h5 class=\"ui--blog-title entry-title clearfix\"><a class=\"ui--blog-link\" href=\"https:\/\/beauty-center.pl\/index.php\/2020\/09\/18\/manicure-i-pedicure-hybrydowy-zelowy\/\">MANICURE I PEDICURE HYBRYDOWY, \u017bELOWY<\/a><\/h5><div class=\"ui--blog-metas clearfix\"><div class=\"ui--blog-metas-right pull-right\"><span class=\"ui--meta-comment\"><a href=\"https:\/\/beauty-center.pl\/index.php\/2020\/09\/18\/manicure-i-pedicure-hybrydowy-zelowy\/#respond\"><i class=\"fontawesome-comment px14\"><\/i> 0<\/a><\/span> <span class=\"ui--blog-separator\">&nbsp;<\/span> <span class=\"ui--meta-like\"><a href=\"#\" class=\"ui--likes\" title=\"Like this\" data-post-id=\"2295\" data-options=\"{&quot;zero&quot;:&quot;&lt;i class=\\&quot;fontawesome-heart px14\\&quot;&gt;&lt;\\\/i&gt; %d&quot;,&quot;one&quot;:&quot;&lt;i class=\\&quot;fontawesome-heart px14\\&quot;&gt;&lt;\\\/i&gt; %d&quot;,&quot;more&quot;:&quot;&lt;i class=\\&quot;fontawesome-heart px14\\&quot;&gt;&lt;\\\/i&gt; %d&quot;}\"><span class=\"ui--likes-count\"><i class=\"fontawesome-heart px14\"><\/i> 1<\/span><\/a><\/span><\/div><div class=\"ui--blog-metas-left\"><span class=\"datetime\"><time class=\"entry-date date updated\" datetime=\"2020-09-18T13:34:59+02:00\" itemprop=\"datePublished\" pubdate>18 wrze\u015bnia 2020<\/time><\/span> <span class=\"ui--blog-separator\">\/<\/span> <span class=\"ui--meta-categories\">Bez kategorii<\/span><\/div><\/div><\/div><div class=\"ui--blog-content\">Drogie Klientki manicure lub pedicure hybrydowy (25z\u0142) do naszej sta\u017cystki, u kt\u00f3rej obowi\u0105zuj\u0105 promocje. Sta\u017cystka jest po szkoleniu, bardzo dok\u0142adna. Niskie ceny us\u0142ug ze wzgl\u0119du na wyd\u0142u\u017cony czas pracy. Zainteresowane osoby zapraszamy do zapis\u00f3w telefonicznych 91 813 74 76 jak i poprzez Messenger z zaznaczeniem \u017ce chodzi o us\u0142ug\u0119 promocyjn\u0105. <\/div><\/div><div style=\"display:none;\"><span class=\"date updated published\">18 wrze\u015bnia 2020<\/span><span class=\"vcard author\"><a href=\"https:\/\/beauty-center.pl\/index.php\/author\/rkowalska\/\" class=\"fn\">rkowalska<\/a><\/span><\/div><\/div><div class=\"post-2224 post type-post status-publish format-standard hentry ui--blog-item clearfix layout--medium last-item\"><div class=\"ui--blog-side ui--blog-icon ui--box ui--gradient-grey\"><div class=\"\"><i class=\"fontawesome-asterisk\"><\/i><\/div><\/div><div class=\"ui--blog-content-wrapper\"><div class=\"ui--blog-header\"><h5 class=\"ui--blog-title entry-title clearfix\"><a class=\"ui--blog-link\" href=\"https:\/\/beauty-center.pl\/index.php\/2020\/07\/10\/powiekszanie-ust-nicmi-pdo\/\">Powi\u0119kszanie ust ni\u0107mi PDO<\/a><\/h5><div class=\"ui--blog-metas clearfix\"><div class=\"ui--blog-metas-right pull-right\"><span class=\"ui--meta-comment\"><a href=\"https:\/\/beauty-center.pl\/index.php\/2020\/07\/10\/powiekszanie-ust-nicmi-pdo\/#respond\"><i class=\"fontawesome-comment px14\"><\/i> 0<\/a><\/span> <span class=\"ui--blog-separator\">&nbsp;<\/span> <span class=\"ui--meta-like\"><a href=\"#\" class=\"ui--likes\" title=\"Like this\" data-post-id=\"2224\" data-options=\"{&quot;zero&quot;:&quot;&lt;i class=\\&quot;fontawesome-heart px14\\&quot;&gt;&lt;\\\/i&gt; %d&quot;,&quot;one&quot;:&quot;&lt;i class=\\&quot;fontawesome-heart px14\\&quot;&gt;&lt;\\\/i&gt; %d&quot;,&quot;more&quot;:&quot;&lt;i class=\\&quot;fontawesome-heart px14\\&quot;&gt;&lt;\\\/i&gt; %d&quot;}\"><span class=\"ui--likes-count\"><i class=\"fontawesome-heart px14\"><\/i> 4<\/span><\/a><\/span><\/div><div class=\"ui--blog-metas-left\"><span class=\"datetime\"><time class=\"entry-date date updated\" datetime=\"2020-07-10T19:39:22+02:00\" itemprop=\"datePublished\" pubdate>10 lipca 2020<\/time><\/span> <span class=\"ui--blog-separator\">\/<\/span> <span class=\"ui--meta-categories\">Bez kategorii<\/span><\/div><\/div><\/div><div class=\"ui--blog-content\">Powi\u0119kszanie ust ni\u0107mi PDO\r\n\r\nNici PDO to syntetyczne w\u0142\u00f3kna, kt\u00f3re wszczepia si\u0119 pod sk\u00f3r\u0119, gdzie stymuluj\u0105 one mi\u0119dzy innymi syntez\u0119 kolagenu, elastyny oraz kwasu hialuronowego. W efekcie sk\u00f3ra staje si\u0119 bardziej g\u0142adka i napi\u0119ta, jej pory ulegaj\u0105 zw\u0119\u017ceniu, a tkanki zostaj\u0105 uniesione. Nici liftinguj\u0105ce wprowadzone w wargi mog\u0105 nie tylko wp\u0142yn\u0105\u0107 ... <span class=\"more-link\"><a class=\"btn btn-small btn-grey\" href=\"https:\/\/beauty-center.pl\/index.php\/2020\/07\/10\/powiekszanie-ust-nicmi-pdo\/\" title=\"\">Czytaj wi\u0119cej<\/a><\/span>\n<\/div><\/div><div style=\"display:none;\"><span class=\"date updated published\">10 lipca 2020<\/span><span class=\"vcard author\"><a href=\"https:\/\/beauty-center.pl\/index.php\/author\/rkowalska\/\" class=\"fn\">rkowalska<\/a><\/span><\/div><\/div><\/div>","protected":false},"excerpt":{"rendered":"<p>RZ\u0118SY 1:1 0 &nbsp; 118 wrze\u015bnia 2020 \/ Bez kategoriiDrogie Klientki Od dzi\u015b mo\u017cecie zapisywa\u0107 si\u0119 na rz\u0119sy metod\u0105 1:1 \u00a0do naszej sta\u017cystki, u kt\u00f3rej obowi\u0105zuj\u0105 promocje. Sta\u017cystka jest po szkoleniu, bardzo dok\u0142adna. Niskie ceny us\u0142ug ze wzgl\u0119du na wyd\u0142u\u017cony czas pracy. CENA 35 Z\u0141. Zainteresowane osoby zapraszamy do zapis\u00f3w telefonicznych 91 813 74 76 [&hellip;]<\/p>\n","protected":false},"author":1,"featured_media":0,"parent":0,"menu_order":0,"comment_status":"open","ping_status":"open","template":"page-sidebar-right.php","meta":{"footnotes":""},"class_list":["post-676","page","type-page","status-publish","hentry"],"_links":{"self":[{"href":"https:\/\/beauty-center.pl\/index.php\/wp-json\/wp\/v2\/pages\/676","targetHints":{"allow":["GET"]}}],"collection":[{"href":"https:\/\/beauty-center.pl\/index.php\/wp-json\/wp\/v2\/pages"}],"about":[{"href":"https:\/\/beauty-center.pl\/index.php\/wp-json\/wp\/v2\/types\/page"}],"author":[{"embeddable":true,"href":"https:\/\/beauty-center.pl\/index.php\/wp-json\/wp\/v2\/users\/1"}],"replies":[{"embeddable":true,"href":"https:\/\/beauty-center.pl\/index.php\/wp-json\/wp\/v2\/comments?post=676"}],"version-history":[{"count":0,"href":"https:\/\/beauty-center.pl\/index.php\/wp-json\/wp\/v2\/pages\/676\/revisions"}],"wp:attachment":[{"href":"https:\/\/beauty-center.pl\/index.php\/wp-json\/wp\/v2\/media?parent=676"}],"curies":[{"name":"wp","href":"https:\/\/api.w.org\/{rel}","templated":true}]}}