{"id":679,"date":"2013-09-03T13:46:01","date_gmt":"2013-09-03T13:46:01","guid":{"rendered":"http:\/\/envision.wptation.com\/?page_id=679"},"modified":"2013-09-03T13:46:01","modified_gmt":"2013-09-03T13:46:01","slug":"homepage-with-sidebar","status":"publish","type":"page","link":"https:\/\/beauty-center.pl\/index.php\/homepage-with-sidebar\/","title":{"rendered":"Homepage with Sidebar"},"content":{"rendered":"<h1 id=\"custom-title-1\" class=\"ui--animation \" style=\"font-size: 48px; line-height: 42px; \" ><strong>Vestibulum lobortis, neque et facilisis tempor, sapien dolor vestibulum risus, sit amet malesuada massa felis et erat.<\/strong><\/h1><div class=\"ui-row row\">\n <div   class=\"ui-column span6\"><div class=\"auto-format ui--animation\"><p><strong>Phasellus fermentum nunc et tortor semper at porta mauris mollis. Cras sit amet iaculis mauris. Lorem ipsum dolor sit amet, consectetur adipiscing elit. Quisque tincidunt leo in magna tempor egestas. Aliquam a laoreet magna. Vestibulum tellus turpis, imperdiet convallis imperdiet sit amet, sagittis sed orci. Vivamus tempus tincidunt erat, ut faucibus velit mattis a. Mauris commodo purus in dui scelerisque sodales. Pellentesque felis purus, eleifend at eleifend quis, mattis vitae quam.<\/strong><\/p>\n<\/div><\/div> \n\n <div   class=\"ui-column span6\"><div class=\"auto-format ui--animation\"><p>Phasellus fermentum nunc et tortor semper at porta mauris mollis. Cras sit amet iaculis mauris. Lorem ipsum dolor sit amet, consectetur adipiscing elit. Quisque tincidunt leo in magna tempor egestas. Aliquam a laoreet magna. Vestibulum tellus turpis, imperdiet convallis imperdiet sit amet, sagittis sed orci. Vivamus tempus tincidunt erat, ut faucibus velit mattis a. Mauris commodo purus in dui scelerisque sodales. Pellentesque felis purus, eleifend at eleifend quis, mattis vitae quam.<\/p>\n<\/div><\/div> \n\n<\/div> \n<div class=\"auto-format ui--animation\"><p>Phasellus fermentum nunc et tortor semper at porta mauris mollis. Cras sit amet iaculis mauris. Lorem ipsum dolor sit amet, consectetur adipiscing elit. Quisque tincidunt leo in magna tempor egestas. Aliquam a laoreet magna. Vestibulum tellus turpis, imperdiet convallis imperdiet sit amet, sagittis sed orci. Vivamus tempus tincidunt erat, ut faucibus velit mattis a. Mauris commodo purus in dui scelerisque sodales. Pellentesque felis purus, eleifend at eleifend quis, mattis vitae quam.<\/p>\n<\/div><div  class=\"ui--space clearfix\" data-responsive=\"{&quot;css&quot;:{&quot;height&quot;:{&quot;phone&quot;:null,&quot;tablet&quot;:null,&quot;widescreen&quot;:null}}}\"><\/div><div class=\"ui--title ui--animation ui--title-bordered text-left\"><div class=\"ui--title-holder\"><h3 class=\"ui--title-text\">Recent <strong>Projects<\/strong><\/h3><div class=\"ui--title-borders ui--title-border-left\"><\/div><div class=\"ui--title-borders ui--title-border-right\"><\/div><\/div><\/div><div class=\"portfolio-container-wrapper ui--pass\" data-layout=\"normal\" data-columns=\"3\"><div id=\"portfolio-D9yMd\" class=\"portfolio-container layout--normal clearfix\"><div class=\"ui-row row\">\n <div   class=\"ui-column span4\"><div class=\"ui--block ui--content-item ui--pass ui--animation\"><div  class=\"ui--content-box ui--box ui-row\" data-ligthbox=\"{&quot;src&quot;:[&quot;https:\\\/\\\/beauty-center.pl\\\/wp-content\\\/uploads\\\/2016\\\/02\\\/default_image_01-1024x1024.png&quot;,&quot;https:\\\/\\\/envision.wptation.com\\\/wp-content\\\/uploads\\\/2013\\\/07\\\/metro_style_Content.jpg&quot;,&quot;https:\\\/\\\/envision.wptation.com\\\/wp-content\\\/uploads\\\/2013\\\/07\\\/wallpaper1920x1440-1.jpg&quot;],&quot;desc&quot;:[&quot;Thumbnail Gallery&quot;,&quot;Thumbnail Gallery&quot;,&quot;Thumbnail Gallery&quot;]}\"><div class=\"ui--content-box-header\"><div class=\"ui--content-box-media effect--fade type--default clearfix\" style=\"padding-bottom: 56.25%;\"><div class=\"ui--content-box-gallery\" data-options=\"{&quot;effect&quot;:&quot;fade&quot;,&quot;auto_rotate&quot;:&quot;0&quot;,&quot;rotate_time&quot;:5000}\"><div class=\"mini-slides\"><div class=\"ui--content-box-gallery-item ui--content-box-link ui--content-box-gallery-item ui--content-box-link-1\"><img loading=\"lazy\" decoding=\"async\" width=\"570\" height=\"321\" src=\"https:\/\/beauty-center.pl\/wp-content\/uploads\/2016\/02\/default_image_01-570x321.png\" class=\"ui--content-box-gallery-image\" alt=\"\" \/><\/div><div class=\"ui--content-box-gallery-item ui--content-box-link ui--content-box-gallery-item ui--content-box-link-2\"><img loading=\"lazy\" decoding=\"async\" width=\"570\" height=\"321\" src=\"https:\/\/beauty-center.pl\/wp-content\/uploads\/2016\/02\/default-placeholder-570x321.png\" class=\"ui--content-box-gallery-image\" alt=\"\" \/><\/div><div class=\"ui--content-box-gallery-item ui--content-box-link ui--content-box-gallery-item ui--content-box-link-3\"><img loading=\"lazy\" decoding=\"async\" width=\"570\" height=\"321\" src=\"https:\/\/beauty-center.pl\/wp-content\/uploads\/2016\/02\/default-placeholder-570x321.png\" class=\"ui--content-box-gallery-image\" alt=\"\" \/><\/div><\/div><\/div><a class=\"ui--content-box-link\" href=\"https:\/\/beauty-center.pl\/wp-content\/uploads\/2016\/02\/default_image_01.png\"><div class=\"ui--content-box-overlay\"><div class=\"ui--content-box-overlay-background\"><\/div><div class=\"center\"><span class=\"btn btn-grey ui--center-vertical\"><span class=\"ui--content-box-overlay-button-text\">Gallery<\/span><\/span><\/div><\/div><\/a><\/div><a class=\"ui--content-box-link\" href=\"https:\/\/beauty-center.pl\/wp-content\/uploads\/2016\/02\/default_image_01.png\"><div class=\"ui--content-box-title ui--gradient ui--gradient-grey on--hover clearfix text-center\"><h5 class=\"ui--content-box-title-text\">Thumbnail Gallery<\/h5><\/div><\/a><\/div><\/div><div class=\"ui--shadow ui--shadow-type-8 ui--shadow-abs ui--shadow-reset clearfix\"><img decoding=\"async\" src=\"https:\/\/beauty-center.pl\/wp-content\/themes\/envision\/includes\/modules\/module.shadow\/shadows\/shadow-8.png\" alt=\"shadow\" \/><\/div><\/div><\/div> \n\n <div   class=\"ui-column span4\"><div class=\"ui--block ui--content-item ui--pass ui--animation\"><div  class=\"ui--content-box ui--box ui-row\"><div class=\"ui--content-box-header\"><div class=\"ui--content-box-media effect--fade type--default clearfix\"><div class=\"ui--content-box-video clearfix\"><div class=\"ui--video-wrapper clearfix\"><div class=\"ui--video ui--video-16-9\" style=\"padding-bottom: 56.25%;\"><iframe loading=\"lazy\" title=\"Blik\" src=\"https:\/\/player.vimeo.com\/video\/25475500?wmode=transparent&amp;fullscreen=1&amp;title=0&amp;byline=0&amp;portrait=0&amp;autoplay=0&amp;color=ae4486&dnt=1&amp;app_id=122963\" width=\"960\" height=\"540\" frameborder=\"0\" allow=\"autoplay; fullscreen; picture-in-picture; clipboard-write; encrypted-media; web-share\" referrerpolicy=\"strict-origin-when-cross-origin\"><\/iframe><\/div><\/div><\/div><\/div><a class=\"ui--content-box-link\" href=\"https:\/\/beauty-center.pl\/index.php\/works\/blik\/\"><div class=\"ui--content-box-title ui--gradient ui--gradient-grey on--hover clearfix text-center\"><h5 class=\"ui--content-box-title-text\">Blik<\/h5><\/div><\/a><\/div><\/div><div class=\"ui--shadow ui--shadow-type-8 ui--shadow-abs ui--shadow-reset clearfix\"><img decoding=\"async\" src=\"https:\/\/beauty-center.pl\/wp-content\/themes\/envision\/includes\/modules\/module.shadow\/shadows\/shadow-8.png\" alt=\"shadow\" \/><\/div><\/div><\/div> \n\n <div   class=\"ui-column span4\"><div class=\"ui--block ui--content-item ui--pass ui--animation\"><div  class=\"ui--content-box ui--box ui-row\"><div class=\"ui--content-box-header\"><div class=\"ui--content-box-media effect--fade type--default clearfix\" style=\"padding-bottom: 56.25%;\"><a class=\"ui--content-box-link\" href=\"https:\/\/beauty-center.pl\/index.php\/works\/synchronizing-application\/\"><div class=\"ui--content-box-image-default\"><img loading=\"lazy\" decoding=\"async\" width=\"570\" height=\"321\" src=\"https:\/\/beauty-center.pl\/wp-content\/uploads\/2016\/02\/default_image_01-570x321.png\" class=\"ui--content-box-image\" alt=\"\" \/><\/div><div class=\"ui--content-box-overlay\"><div class=\"ui--content-box-overlay-background\"><\/div><div class=\"center\"><span class=\"btn btn-grey ui--center-vertical\"><span class=\"ui--content-box-overlay-button-text\">Details<\/span><\/span><\/div><\/div><\/a><\/div><a class=\"ui--content-box-link\" href=\"https:\/\/beauty-center.pl\/index.php\/works\/synchronizing-application\/\"><div class=\"ui--content-box-title ui--gradient ui--gradient-grey on--hover clearfix text-center\"><h5 class=\"ui--content-box-title-text\">Synchronizing Application<\/h5><\/div><\/a><\/div><\/div><div class=\"ui--shadow ui--shadow-type-8 ui--shadow-abs ui--shadow-reset clearfix\"><img decoding=\"async\" src=\"https:\/\/beauty-center.pl\/wp-content\/themes\/envision\/includes\/modules\/module.shadow\/shadows\/shadow-8.png\" alt=\"shadow\" \/><\/div><\/div><\/div> \n\n<\/div> \n<\/div><\/div><div  class=\"ui--space clearfix\" data-responsive=\"{&quot;css&quot;:{&quot;height&quot;:{&quot;phone&quot;:null,&quot;tablet&quot;:null,&quot;widescreen&quot;:null}}}\"><\/div><div class=\"ui-row row\">\n <div   class=\"ui-column span6\"><div class=\"ui--title ui--animation ui--title-bordered text-left\"><div class=\"ui--title-holder\"><h3 class=\"ui--title-text\">Recent <strong>News<\/strong><\/h3><div class=\"ui--title-borders ui--title-border-left\"><\/div><div class=\"ui--title-borders ui--title-border-right\"><\/div><\/div><\/div><div id=\"blog-1\" class=\"ui--blog ui--blog-wrapper ui--pass\" data-layout=\"mini\" data-columns=\"1\"><div class=\"ui--blog-item ui--animation ui--accent-gradient-hover-parent clearfix layout--mini\"><div class=\"ui--blog-side ui--blog-date ui--accent-gradient-hover-parent ui--box\"><h3><span class=\"ui--blog-date-day ui--accent-gradient-hover\">18<\/span><\/h3><h6 class=\"ui--blog-date-month ui--gradient ui--gradient-grey\"><span>wrz<\/span><\/h6><\/div><div class=\"ui--blog-content-wrapper\"><div class=\"ui--blog-header\"><h5 class=\"ui--blog-title entry-title\"><a class=\"ui--blog-link\" href=\"https:\/\/beauty-center.pl\/index.php\/2020\/09\/18\/rzesy-11\/\">RZ\u0118SY 1:1<\/a><\/h5><\/div><div class=\"ui--blog-content\">Drogie Klientki\r\n\r\nOd dzi\u015b mo\u017cecie zapisywa\u0107 si\u0119 na rz\u0119sy metod\u0105 1:1 \u00a0do naszej sta\u017cystki, u kt\u00f3rej obowi\u0105zuj\u0105 promocje. Sta\u017cystka jest po ...<\/div><div class=\"ui--blog-readmore more-link\"><a class=\"btn btn-small btn-secondary muted\" href=\"https:\/\/beauty-center.pl\/index.php\/2020\/09\/18\/rzesy-11\/\">Czytaj wi\u0119cej<\/a><\/div><\/div><\/div><div class=\"ui--blog-item ui--animation ui--accent-gradient-hover-parent clearfix layout--mini\"><div class=\"ui--blog-side ui--blog-date ui--accent-gradient-hover-parent ui--box\"><h3><span class=\"ui--blog-date-day ui--accent-gradient-hover\">18<\/span><\/h3><h6 class=\"ui--blog-date-month ui--gradient ui--gradient-grey\"><span>wrz<\/span><\/h6><\/div><div class=\"ui--blog-content-wrapper\"><div class=\"ui--blog-header\"><h5 class=\"ui--blog-title entry-title\"><a class=\"ui--blog-link\" href=\"https:\/\/beauty-center.pl\/index.php\/2020\/09\/18\/manicure-i-pedicure-hybrydowy-zelowy\/\">MANICURE I PEDICURE HYBRYDOWY, \u017bELOWY<\/a><\/h5><\/div><div class=\"ui--blog-content\">Drogie Klientki manicure lub pedicure hybrydowy (25z\u0142) do naszej sta\u017cystki, u kt\u00f3rej obowi\u0105zuj\u0105 promocje. Sta\u017cystka jest po szkoleniu, bardzo dok\u0142adna. ...<\/div><div class=\"ui--blog-readmore more-link\"><a class=\"btn btn-small btn-secondary muted\" href=\"https:\/\/beauty-center.pl\/index.php\/2020\/09\/18\/manicure-i-pedicure-hybrydowy-zelowy\/\">Czytaj wi\u0119cej<\/a><\/div><\/div><\/div><div class=\"ui--blog-item ui--animation ui--accent-gradient-hover-parent clearfix layout--mini last-item\"><div class=\"ui--blog-side ui--blog-date ui--accent-gradient-hover-parent ui--box\"><h3><span class=\"ui--blog-date-day ui--accent-gradient-hover\">10<\/span><\/h3><h6 class=\"ui--blog-date-month ui--gradient ui--gradient-grey\"><span>lip<\/span><\/h6><\/div><div class=\"ui--blog-content-wrapper\"><div class=\"ui--blog-header\"><h5 class=\"ui--blog-title entry-title\"><a class=\"ui--blog-link\" href=\"https:\/\/beauty-center.pl\/index.php\/2020\/07\/10\/powiekszanie-ust-nicmi-pdo\/\">Powi\u0119kszanie ust ni\u0107mi PDO<\/a><\/h5><\/div><div class=\"ui--blog-content\">Powi\u0119kszanie ust ni\u0107mi PDO\r\n\r\nNici PDO to syntetyczne w\u0142\u00f3kna, kt\u00f3re wszczepia si\u0119 pod sk\u00f3r\u0119, gdzie stymuluj\u0105 one mi\u0119dzy innymi syntez\u0119 kolagenu, ...<\/div><div class=\"ui--blog-readmore more-link\"><a class=\"btn btn-small btn-secondary muted\" href=\"https:\/\/beauty-center.pl\/index.php\/2020\/07\/10\/powiekszanie-ust-nicmi-pdo\/\">Czytaj wi\u0119cej<\/a><\/div><\/div><\/div><\/div><\/div> \n\n <div   class=\"ui-column span6\"><div class=\"ui--title ui--animation ui--title-bordered text-left\"><div class=\"ui--title-holder\"><h3 class=\"ui--title-text\"><strong>Testimonials<\/strong><\/h3><div class=\"ui--title-borders ui--title-border-left\"><\/div><div class=\"ui--title-borders ui--title-border-right\"><\/div><\/div><\/div><div  class=\"ui--animation-in make--fx--fadein-ttb ui--pass clearfix\" data-fx=\"fx--fadein-ttb\" data-delay=\"400\" data-start-delay=\"400\">\n\t\t\t<div class=\"ui--carousel-item ui--testimonial-wrap ui--animation clearfix\">\n\n\t\t\t\t<div class=\"ui--testimonial clearfix\">\n\n\t\t\t\t\t<div class=\"ui--testimonial-content ui--box ui--gradient ui--gradient-grey auto-format clearfix\">\n\t\t\t\t\t\t<p>Auctor sit amet feugiat eu &#038; viverra ac felis. Nullam gravida neque quis augue vestibulum euismod. Suspendisse risus tortor, varius ac malesuada in, mattis vitae mauris.<\/p>\n\n\t\t\t\t\t\t<div class=\"ui--testimonial-arrow\"><i class=\"fontawesome-caret-down\"><\/i><\/div>\n\t\t\t\t\t<\/div>\n\n\t\t\t\t\t\n\t\t\t\t\t<div class=\"ui--testimonial-brand ui--animation clearfix\" data-fx=\"fx--fadein-btt\">\n\n\t\t\t\t\t\t\n\t\t\t\t\t\t<div class=\"ui--testimonial-image\">\n\t\t\t\t\t\t\t<div class=\"ui--testimonial-image-position\"><img decoding=\"async\" src=\"https:\/\/envision.wptation.com\/wp-content\/uploads\/2013\/08\/testimonial-1.png\" alt=\"Robyn Paton\" \/><\/div>\n\t\t\t\t\t\t<\/div>\n\n\t\t\t\t\t\t<div class=\"ui--testimonial-user\">\n\t\t\t\t\t\t\t<strong class=\"name\">Robyn Paton<\/strong>\n\t\t\t\t\t\t\t\t<small class=\"cap\">Creative Director, <a href='#'>ABC<\/a><\/small>\n\t\t\t\t\t\t\t<\/div>\n\n\t\t\t\t\t<\/div>\n\n\t\t\t\t<\/div>\n\n\t\t\t<div class=\"clearfix\"><\/div>\n\t\t\t<\/div>\n\t\t\t\n\t\t\t<div class=\"ui--carousel-item ui--testimonial-wrap ui--animation clearfix\">\n\n\t\t\t\t<div class=\"ui--testimonial clearfix\">\n\n\t\t\t\t\t<div class=\"ui--testimonial-content ui--box ui--gradient ui--gradient-grey auto-format clearfix\">\n\t\t\t\t\t\t<p>Maecenas pulvinar turpis consectetur pharetra egestas. Pellentesque habitant morbi tristique senectus et netus et malesuada fames ac turpis egestas. Quisque volutpat eros sit amet.<\/p>\n\n\t\t\t\t\t\t<div class=\"ui--testimonial-arrow\"><i class=\"fontawesome-caret-down\"><\/i><\/div>\n\t\t\t\t\t<\/div>\n\n\t\t\t\t\t\n\t\t\t\t\t<div class=\"ui--testimonial-brand ui--animation clearfix\" data-fx=\"fx--fadein-btt\">\n\n\t\t\t\t\t\t\n\t\t\t\t\t\t<div class=\"ui--testimonial-image\">\n\t\t\t\t\t\t\t<div class=\"ui--testimonial-image-position\"><img decoding=\"async\" src=\"https:\/\/envision.wptation.com\/wp-content\/uploads\/2013\/08\/testimonial-2.png\" alt=\"James V. Sanders\" \/><\/div>\n\t\t\t\t\t\t<\/div>\n\n\t\t\t\t\t\t<div class=\"ui--testimonial-user\">\n\t\t\t\t\t\t\t<strong class=\"name\">James V. Sanders<\/strong>\n\t\t\t\t\t\t\t\t<small class=\"cap\">Founder, Company<\/small>\n\t\t\t\t\t\t\t<\/div>\n\n\t\t\t\t\t<\/div>\n\n\t\t\t\t<\/div>\n\n\t\t\t<div class=\"clearfix\"><\/div>\n\t\t\t<\/div>\n\t\t\t<\/div><\/div> \n\n<\/div> \n","protected":false},"excerpt":{"rendered":"<p>Vestibulum lobortis, neque et facilisis tempor, sapien dolor vestibulum risus, sit amet malesuada massa felis et erat. Phasellus fermentum nunc et tortor semper at porta mauris mollis. Cras sit amet iaculis mauris. Lorem ipsum dolor sit amet, consectetur adipiscing elit. Quisque tincidunt leo in magna tempor egestas. Aliquam a laoreet magna. Vestibulum tellus turpis, imperdiet [&hellip;]<\/p>\n","protected":false},"author":1,"featured_media":0,"parent":0,"menu_order":0,"comment_status":"open","ping_status":"open","template":"page-sidebar-right.php","meta":{"footnotes":""},"class_list":["post-679","page","type-page","status-publish","hentry"],"_links":{"self":[{"href":"https:\/\/beauty-center.pl\/index.php\/wp-json\/wp\/v2\/pages\/679","targetHints":{"allow":["GET"]}}],"collection":[{"href":"https:\/\/beauty-center.pl\/index.php\/wp-json\/wp\/v2\/pages"}],"about":[{"href":"https:\/\/beauty-center.pl\/index.php\/wp-json\/wp\/v2\/types\/page"}],"author":[{"embeddable":true,"href":"https:\/\/beauty-center.pl\/index.php\/wp-json\/wp\/v2\/users\/1"}],"replies":[{"embeddable":true,"href":"https:\/\/beauty-center.pl\/index.php\/wp-json\/wp\/v2\/comments?post=679"}],"version-history":[{"count":0,"href":"https:\/\/beauty-center.pl\/index.php\/wp-json\/wp\/v2\/pages\/679\/revisions"}],"wp:attachment":[{"href":"https:\/\/beauty-center.pl\/index.php\/wp-json\/wp\/v2\/media?parent=679"}],"curies":[{"name":"wp","href":"https:\/\/api.w.org\/{rel}","templated":true}]}}