{"id":74,"date":"2013-07-21T21:24:24","date_gmt":"2013-07-21T21:24:24","guid":{"rendered":"http:\/\/envision.wptation.com\/?page_id=32"},"modified":"2013-07-21T21:24:24","modified_gmt":"2013-07-21T21:24:24","slug":"masonry-blog","status":"publish","type":"page","link":"https:\/\/beauty-center.pl\/index.php\/masonry-blog\/","title":{"rendered":"Masonry Blog (Dark)"},"content":{"rendered":"<div  id=\"section-gsy1k\" class=\"fullwidth-content ui--section clearfix inner-shadow-3 section-gsy1k color--dark\" style=\"margin-top: -31px;  margin-bottom: -12px;\"><div  class=\"ui--section-content inner-shadow-3\" style=\"padding-top: 30px;  padding-bottom: 12px;\"><div class=\"container\"><div id=\"blog-1\" class=\"ui--blog ui--blog-wrapper ui--pass\" data-layout=\"grid\" data-columns=\"3\"><div class=\"ui--masonry row clearfix\"><div class=\"ui-row row\">\n <div   class=\"ui-column span4\"><div class=\"ui--block ui--content-item ui--pass ui--animation\"><div  class=\"ui--content-box ui--box ui-row\"><div class=\"ui--content-box-header\"><a class=\"ui--content-box-link\" href=\"https:\/\/beauty-center.pl\/index.php\/2020\/09\/18\/rzesy-11\/\"><div class=\"ui--content-box-title ui--gradient ui--gradient-grey on--hover clearfix text-center\"><h5 class=\"ui--content-box-title-text\">RZ\u0118SY 1:1<\/h5><\/div><\/a><\/div><div class=\"ui--content-box-content\"><div class=\"ui--content-box-content-text\"><p>Drogie Klientki<\/p>\n<p>Od dzi\u015b mo\u017cecie zapisywa\u0107 si\u0119 na rz\u0119sy metod\u0105 1:1 \u00a0do naszej sta\u017cystki, u kt\u00f3rej obowi\u0105zuj\u0105 promocje. Sta\u017cystka jest po &#8230; <span class=\"more-link\"><a class=\"btn btn-mini btn-grey\" href=\"https:\/\/beauty-center.pl\/index.php\/2020\/09\/18\/rzesy-11\/\" title=\"\">Czytaj wi\u0119cej<\/a><\/span><\/p>\n<\/div><\/div><\/div><div class=\"ui--shadow ui--shadow-type-8 ui--shadow-abs ui--shadow-reset clearfix\"><img decoding=\"async\" src=\"https:\/\/beauty-center.pl\/wp-content\/themes\/envision\/includes\/modules\/module.shadow\/shadows\/shadow-8.png\" alt=\"shadow\" \/><\/div><\/div><\/div> \n\n <div   class=\"ui-column span4\"><div class=\"ui--block ui--content-item ui--pass ui--animation\"><div  class=\"ui--content-box ui--box ui-row\"><div class=\"ui--content-box-header\"><a class=\"ui--content-box-link\" href=\"https:\/\/beauty-center.pl\/index.php\/2020\/09\/18\/manicure-i-pedicure-hybrydowy-zelowy\/\"><div class=\"ui--content-box-title ui--gradient ui--gradient-grey on--hover clearfix text-center\"><h5 class=\"ui--content-box-title-text\">MANICURE I PEDICURE HYBRYDOWY, \u017bELOWY<\/h5><\/div><\/a><\/div><div class=\"ui--content-box-content\"><div class=\"ui--content-box-content-text\"><p>Drogie Klientki manicure lub pedicure hybrydowy (25z\u0142) do naszej sta\u017cystki, u kt\u00f3rej obowi\u0105zuj\u0105 promocje. Sta\u017cystka jest po szkoleniu, bardzo dok\u0142adna. &#8230; <span class=\"more-link\"><a class=\"btn btn-mini btn-grey\" href=\"https:\/\/beauty-center.pl\/index.php\/2020\/09\/18\/manicure-i-pedicure-hybrydowy-zelowy\/\" title=\"\">Czytaj wi\u0119cej<\/a><\/span><\/p>\n<\/div><\/div><\/div><div class=\"ui--shadow ui--shadow-type-8 ui--shadow-abs ui--shadow-reset clearfix\"><img decoding=\"async\" src=\"https:\/\/beauty-center.pl\/wp-content\/themes\/envision\/includes\/modules\/module.shadow\/shadows\/shadow-8.png\" alt=\"shadow\" \/><\/div><\/div><\/div> \n\n <div   class=\"ui-column span4\"><div class=\"ui--block ui--content-item ui--pass ui--animation\"><div  class=\"ui--content-box ui--box ui-row\"><div class=\"ui--content-box-header\"><a class=\"ui--content-box-link\" href=\"https:\/\/beauty-center.pl\/index.php\/2020\/07\/10\/powiekszanie-ust-nicmi-pdo\/\"><div class=\"ui--content-box-title ui--gradient ui--gradient-grey on--hover clearfix text-center\"><h5 class=\"ui--content-box-title-text\">Powi\u0119kszanie ust ni\u0107mi PDO<\/h5><\/div><\/a><\/div><div class=\"ui--content-box-content\"><div class=\"ui--content-box-content-text\"><p>Powi\u0119kszanie ust ni\u0107mi PDO<\/p>\n<p>Nici PDO to syntetyczne w\u0142\u00f3kna, kt\u00f3re wszczepia si\u0119 pod sk\u00f3r\u0119, gdzie stymuluj\u0105 one mi\u0119dzy innymi syntez\u0119 kolagenu, &#8230; <span class=\"more-link\"><a class=\"btn btn-mini btn-grey\" href=\"https:\/\/beauty-center.pl\/index.php\/2020\/07\/10\/powiekszanie-ust-nicmi-pdo\/\" title=\"\">Czytaj wi\u0119cej<\/a><\/span><\/p>\n<\/div><\/div><\/div><div class=\"ui--shadow ui--shadow-type-8 ui--shadow-abs ui--shadow-reset clearfix\"><img decoding=\"async\" src=\"https:\/\/beauty-center.pl\/wp-content\/themes\/envision\/includes\/modules\/module.shadow\/shadows\/shadow-8.png\" alt=\"shadow\" \/><\/div><\/div><\/div> \n\n<\/div> \n<\/div><\/div><\/div><\/div><\/div><!-- \/.fullwidth-container -->","protected":false},"excerpt":{"rendered":"<p>RZ\u0118SY 1:1Drogie Klientki Od dzi\u015b mo\u017cecie zapisywa\u0107 si\u0119 na rz\u0119sy metod\u0105 1:1 \u00a0do naszej sta\u017cystki, u kt\u00f3rej obowi\u0105zuj\u0105 promocje. Sta\u017cystka jest po &#8230; Czytaj wi\u0119cej MANICURE I PEDICURE HYBRYDOWY, \u017bELOWYDrogie Klientki manicure lub pedicure hybrydowy (25z\u0142) do naszej sta\u017cystki, u kt\u00f3rej obowi\u0105zuj\u0105 promocje. Sta\u017cystka jest po szkoleniu, bardzo dok\u0142adna. &#8230; Czytaj wi\u0119cej Powi\u0119kszanie ust ni\u0107mi [&hellip;]<\/p>\n","protected":false},"author":1,"featured_media":0,"parent":0,"menu_order":0,"comment_status":"open","ping_status":"open","template":"","meta":{"footnotes":""},"class_list":["post-74","page","type-page","status-publish","hentry"],"_links":{"self":[{"href":"https:\/\/beauty-center.pl\/index.php\/wp-json\/wp\/v2\/pages\/74","targetHints":{"allow":["GET"]}}],"collection":[{"href":"https:\/\/beauty-center.pl\/index.php\/wp-json\/wp\/v2\/pages"}],"about":[{"href":"https:\/\/beauty-center.pl\/index.php\/wp-json\/wp\/v2\/types\/page"}],"author":[{"embeddable":true,"href":"https:\/\/beauty-center.pl\/index.php\/wp-json\/wp\/v2\/users\/1"}],"replies":[{"embeddable":true,"href":"https:\/\/beauty-center.pl\/index.php\/wp-json\/wp\/v2\/comments?post=74"}],"version-history":[{"count":0,"href":"https:\/\/beauty-center.pl\/index.php\/wp-json\/wp\/v2\/pages\/74\/revisions"}],"wp:attachment":[{"href":"https:\/\/beauty-center.pl\/index.php\/wp-json\/wp\/v2\/media?parent=74"}],"curies":[{"name":"wp","href":"https:\/\/api.w.org\/{rel}","templated":true}]}}